{"id":576,"date":"2025-07-24T11:26:30","date_gmt":"2025-07-24T11:26:30","guid":{"rendered":"https:\/\/rf.binaryweb.app\/?page_id=576"},"modified":"2025-07-24T13:20:42","modified_gmt":"2025-07-24T13:20:42","slug":"politica-de-privacidade","status":"publish","type":"page","link":"https:\/\/racoesfutura.com.br\/es\/politica-de-privacidade\/","title":{"rendered":"POL\u00cdTICA DE PRIVACIDADE"},"content":{"rendered":"<div data-elementor-type=\"wp-page\" data-elementor-id=\"576\" class=\"elementor elementor-576\">\n\t\t\t\t<div class=\"elementor-element elementor-element-61659a9 e-flex e-con-boxed e-con e-parent\" data-id=\"61659a9\" data-element_type=\"container\">\n\t\t\t\t\t<div class=\"e-con-inner\">\n\t\t\t\t<div class=\"elementor-element elementor-element-3fe724c elementor-widget elementor-widget-heading\" data-id=\"3fe724c\" data-element_type=\"widget\" data-widget_type=\"heading.default\">\n\t\t\t\t\t<h2 class=\"elementor-heading-title elementor-size-default\">POL\u00cdTICA DE PRIVACIDAD DEL GRUPO FUTURA RATIONS\n<\/h2>\t\t\t\t<\/div>\n\t\t\t\t\t<\/div>\n\t\t\t\t<\/div>\n\t\t<div class=\"elementor-element elementor-element-e62d72d e-flex e-con-boxed e-con e-parent\" data-id=\"e62d72d\" data-element_type=\"container\">\n\t\t\t\t\t<div class=\"e-con-inner\">\n\t\t\t\t<div class=\"elementor-element elementor-element-72e0a7c elementor-widget elementor-widget-html\" data-id=\"72e0a7c\" data-element_type=\"widget\" data-widget_type=\"html.default\">\n\t\t\t\t\t<style>\n    h1, h2, h3, h4, h5, h6 {\n  color: #5C5C5C !important;\n  font-weight: 900 !important;\n}\n    \n<\/style>\t\t\t\t<\/div>\n\t\t\t\t<div class=\"elementor-element elementor-element-a39a6ab elementor-widget elementor-widget-text-editor\" data-id=\"a39a6ab\" data-element_type=\"widget\" data-widget_type=\"text-editor.default\">\n\t\t\t\t\t\t\t\t\t<p class=\"para-text\">El Grupo Futura Foods respeta su privacidad y sus datos personales.<\/p><p>Hemos publicado esta Pol\u00edtica de Privacidad para informarle c\u00f3mo y por qu\u00e9 recopilamos sus datos personales, qu\u00e9 son y para explicarle sus derechos con respecto al procesamiento que Grupo Ra\u00e7\u00f5es Futura proporciona a esta informaci\u00f3n.<\/p><h4>\u00bfQU\u00c9 TIPO DE DATOS PERSONALES RECOGEMOS?<\/h4><p class=\"para-text\">Como norma general, recopilamos sus datos de registro: nombre, correo electr\u00f3nico, n\u00famero de tel\u00e9fono, direcci\u00f3n, fecha de nacimiento, CPF y cookies, en nuestro sitio web (seg\u00fan nuestro Aviso de Cookies).<\/p><p>Si usted es nuestro empleado, tambi\u00e9n recopilamos datos que permiten la ejecuci\u00f3n del contrato de trabajo (como datos bancarios para el pago) y otros datos requeridos por la ley, como el examen m\u00e9dico de ingreso.<\/p><h4>\u00bfCU\u00c1LES SON LAS BASES LEGALES UTILIZADAS?<\/h4><div class=\"para-text\"><p>El tratamiento de sus datos personales podr\u00e1 ser realizado por el Grupo Ra\u00e7\u00f5es Futura si se da alguna de las siguientes hip\u00f3tesis:<\/p><ol class=\"para-text\"><li>1. Si usted consiente, libremente, de forma informada e inequ\u00edvoca;<\/li><li>2. Cuando sea necesario para el cumplimiento de un contrato o de una obligaci\u00f3n precontractual;<\/li><li>3. Cuando sea necesario para el ejercicio de un derecho por parte del Grupo Ra\u00e7\u00f5es Futura, en procedimientos judiciales, administrativos o arbitrales;<\/li><li>4. Cuando sea necesario para que el Grupo Ra\u00e7\u00f5es Futura cumpla con una obligaci\u00f3n legal o regulatoria;<\/li><li>5. Cuando sea necesario para que el Grupo Ra\u00e7\u00f5es Futura persiga sus intereses leg\u00edtimos;<\/li><\/ol><\/div><h4>\u00bfCON QU\u00c9 FINALIDADES EL GRUPO RA\u00c7\u00d5ES FUTURA TRATA SUS DATOS?<\/h4><div class=\"para-text\"><p>Sus datos personales podr\u00e1n ser tratados para las siguientes finalidades:<\/p><ol class=\"para-text\"><li>1. Posibilitar la prestaci\u00f3n de los servicios para los cuales fue contratado el Grupo Ra\u00e7\u00f5es Futura;<\/li><li>2. Identificar y ofrecer contenido relevante sobre los intereses expresados por usted al Grupo Ra\u00e7\u00f5es Futura, incluyendo, sin limitaci\u00f3n, boletines, eventos, invitaciones, recordatorios, informaciones, entre otros;<\/li><li>3. Crear una base de datos de candidatos para vacantes de empleo, pr\u00e1cticas y prestaci\u00f3n de servicios al Grupo Ra\u00e7\u00f5es Futura;<\/li><li>4. Conformar una base de datos de empleados, proveedores, comisiones y celebrar contratos relacionados;<\/li><li>5. Proteger, defender y gestionar los intereses del Grupo Ra\u00e7\u00f5es Futura;<\/li><li>6. Para cumplir con la legislaci\u00f3n aplicable;<\/li><li>7. Para atender cualquier otra demanda solicitada por usted al Grupo Ra\u00e7\u00f5es Futura.<\/li><\/ol><\/div><h4>\u00bfCU\u00c1NTO TIEMPO ALMACENAMOS SUS DATOS?<\/h4><p class=\"para-text\">Los datos personales se conservar\u00e1n durante el tiempo necesario para lograr los fines mencionados y estar\u00e1n legalmente obligados a conservarlos. Posteriormente, ser\u00e1n eliminados o anonimizados.<\/p><h4>CON QUI\u00c9N COMPARTIMOS SUS DATOS<\/h4><p class=\"para-text\">Sus datos personales podr\u00e1n ser compartidos con terceros en Brasil, a fin de cumplir adecuadamente las finalidades para las que fueron recolectados, y tambi\u00e9n si existe orden judicial o decisi\u00f3n emitida por autoridad competente al efecto, que determine dicha compartici\u00f3n.<\/p><p>En todos los casos, dicha compartici\u00f3n ser\u00e1 informada a menos que, por orden judicial o reglamentaria, Grupo Ra\u00e7\u00f5es Futura se vea impedido de facilitar dicha informaci\u00f3n al titular.<\/p><p>El Grupo Ra\u00e7\u00f5es Futura s\u00f3lo compartir\u00e1 los datos personales necesarios para alcanzar la respectiva finalidad o la orden judicial y reglamentaria.<\/p><p>El Grupo Futura Foods no vende datos personales.<\/p><h4><strong>\u00bfCU\u00c1LES SON SUS DERECHOS?<\/strong><\/h4><div class=\"para-text\"><p>Usted podr\u00e1 ejercer ciertos derechos respecto a sus datos personales tratados por Grupo Ra\u00e7\u00f5es Futura, mediante solicitud expresa, los cuales son:<\/p><ol class=\"para-text\"><li>1. Retirar su consentimiento en cualquier momento. Puede revocar cualquier consentimiento previamente otorgado para el tratamiento de sus datos personales.<\/li><li>2. Oponerse al tratamiento de sus Datos. Puede oponerse al tratamiento de sus Datos si este infringe los requisitos legales o si existe una justificaci\u00f3n espec\u00edfica que prevalezca sobre los motivos y fines del tratamiento.<\/li><li>3. Acceda a sus datos. Tiene derecho a saber si Grupo Ra\u00e7\u00f5es Futura est\u00e1 tratando sus datos y, en caso afirmativo, qu\u00e9 datos trata.<\/li><li>4. Corregir sus datos. Tiene derecho a verificar la exactitud de sus datos personales y a solicitar su actualizaci\u00f3n o correcci\u00f3n.<\/li><li>5. Eliminaci\u00f3n de sus datos. En determinadas circunstancias, podr\u00e1 solicitar a Napoli que elimine sus datos personales.<\/li><li>6. Transferir sus datos personales a otro responsable del tratamiento. Tiene derecho a recibir sus datos personales en un formato estructurado y a que se transmitan a otro responsable del tratamiento.<\/li><li>7. Presentar una reclamaci\u00f3n. Puede presentar una reclamaci\u00f3n ante la Autoridad Nacional de Protecci\u00f3n de Datos.<\/li><li>8. Ser informado si sus datos han sido compartidos con alg\u00fan otro responsable del tratamiento, el cual deber\u00e1 ser identificado.<\/li><\/ol><p>Para ejercer estos derechos, p\u00f3ngase en contacto con nuestro responsable del tratamiento de datos mediante correo electr\u00f3nico.\u00a0<a href=\"mailto:encarregadodedados@racoesfutura.com.br\">encarregadodedados@racoesfutura.com.br<\/a><\/p><\/div><h4>\u00bfC\u00d3MO GARANTIZAMOS LA SEGURIDAD DE SUS DATOS?<\/h4><p class=\"para-text\">Para proteger sus datos, Grupo Ra\u00e7\u00f5es Futura utiliza medidas t\u00e9cnicas y organizativas de seguridad de la informaci\u00f3n que incluyen, por ejemplo, control de acceso (\u00e1rboles de permisos y contrase\u00f1as), autenticaci\u00f3n de usuarios, uso de red privada virtual (VPN), antivirus, firewall, backup, pruebas de penetraci\u00f3n, escaneo del sistema.<\/p><h4>C\u00d3MO PUEDE COMUNICARSE CON NOSOTROS<\/h4><p class=\"para-text\">Si no est\u00e1 de acuerdo con esta Pol\u00edtica de Privacidad o desea una mayor aclaraci\u00f3n sobre ella, tiene preguntas sobre cualquier asunto relacionado con la Privacidad y Protecci\u00f3n de Datos Personales o desea ejercer sus derechos, por favor contacte con nuestro responsable de datos mediante correo electr\u00f3nico.\u00a0<a href=\"mailto:encarregadodedados@racoesfutura.com.br\">encarregadodedados@racoesfutura.com.br<\/a><\/p><p>Antes de atenderle, necesitaremos confirmar su identidad para proteger sus datos del acceso no autorizado. Una vez hecho esto, responderemos a sus solicitudes de forma r\u00e1pida y gratuita.<\/p><h4>CAMBIOS A ESTA POL\u00cdTICA DE PRIVACIDAD<\/h4><p class=\"para-text\">Todos los datos personales tratados por Grupo Ra\u00e7\u00f5es Futura ser\u00e1n de acuerdo con esta Pol\u00edtica de Privacidad y las finalidades mencionadas anteriormente.<\/p><p>El Grupo Ra\u00e7\u00f5es Futura se reserva el derecho de cambiar esta Pol\u00edtica de Privacidad total o parcialmente en cualquier momento, insertando la fecha de la \u00faltima actualizaci\u00f3n como se indica a continuaci\u00f3n.<\/p><p>Revise peri\u00f3dicamente esta Pol\u00edtica de privacidad para conocer cualquier cambio.<\/p><p class=\"para-text\">Esta Pol\u00edtica fue publicada el 07\/07\/2023 y se encuentra en su 1\u00aa Versi\u00f3n.<\/p><p>Correo electr\u00f3nico:\u00a0<a href=\"mailto:encarregadodedados@racoesfutura.com.br\">encarregadodedados@racoesfutura.com.br<\/a>.<\/p>\t\t\t\t\t\t\t\t<\/div>\n\t\t\t\t\t<\/div>\n\t\t\t\t<\/div>\n\t\t\t\t<\/div>","protected":false},"excerpt":{"rendered":"<p>POL\u00cdTICA DE PRIVACIDADE GRUPO RA\u00c7\u00d5ES FUTURA O Grupo Ra\u00e7\u00f5es Futura respeita a sua privacidade e seus dados pessoais Publicamos esta [&hellip;]<\/p>","protected":false},"author":2,"featured_media":0,"parent":0,"menu_order":0,"comment_status":"closed","ping_status":"closed","template":"","meta":{"_eb_attr":"","site-sidebar-layout":"no-sidebar","site-content-layout":"","ast-site-content-layout":"full-width-container","site-content-style":"default","site-sidebar-style":"default","ast-global-header-display":"","ast-banner-title-visibility":"","ast-main-header-display":"","ast-hfb-above-header-display":"","ast-hfb-below-header-display":"","ast-hfb-mobile-header-display":"","site-post-title":"disabled","ast-breadcrumbs-content":"","ast-featured-img":"disabled","footer-sml-layout":"","theme-transparent-header-meta":"","adv-header-id-meta":"","stick-header-meta":"","header-above-stick-meta":"","header-main-stick-meta":"","header-below-stick-meta":"","astra-migrate-meta-layouts":"default","ast-page-background-enabled":"default","ast-page-background-meta":{"desktop":{"background-color":"var(--ast-global-color-5)","background-image":"","background-repeat":"repeat","background-position":"center center","background-size":"auto","background-attachment":"scroll","background-type":"","background-media":"","overlay-type":"","overlay-color":"","overlay-opacity":"","overlay-gradient":""},"tablet":{"background-color":"","background-image":"","background-repeat":"repeat","background-position":"center center","background-size":"auto","background-attachment":"scroll","background-type":"","background-media":"","overlay-type":"","overlay-color":"","overlay-opacity":"","overlay-gradient":""},"mobile":{"background-color":"","background-image":"","background-repeat":"repeat","background-position":"center center","background-size":"auto","background-attachment":"scroll","background-type":"","background-media":"","overlay-type":"","overlay-color":"","overlay-opacity":"","overlay-gradient":""}},"ast-content-background-meta":{"desktop":{"background-color":"var(--ast-global-color-4)","background-image":"","background-repeat":"repeat","background-position":"center center","background-size":"auto","background-attachment":"scroll","background-type":"","background-media":"","overlay-type":"","overlay-color":"","overlay-opacity":"","overlay-gradient":""},"tablet":{"background-color":"var(--ast-global-color-4)","background-image":"","background-repeat":"repeat","background-position":"center center","background-size":"auto","background-attachment":"scroll","background-type":"","background-media":"","overlay-type":"","overlay-color":"","overlay-opacity":"","overlay-gradient":""},"mobile":{"background-color":"var(--ast-global-color-4)","background-image":"","background-repeat":"repeat","background-position":"center center","background-size":"auto","background-attachment":"scroll","background-type":"","background-media":"","overlay-type":"","overlay-color":"","overlay-opacity":"","overlay-gradient":""}},"footnotes":""},"class_list":["post-576","page","type-page","status-publish","hentry"],"_links":{"self":[{"href":"https:\/\/racoesfutura.com.br\/es\/wp-json\/wp\/v2\/pages\/576","targetHints":{"allow":["GET"]}}],"collection":[{"href":"https:\/\/racoesfutura.com.br\/es\/wp-json\/wp\/v2\/pages"}],"about":[{"href":"https:\/\/racoesfutura.com.br\/es\/wp-json\/wp\/v2\/types\/page"}],"author":[{"embeddable":true,"href":"https:\/\/racoesfutura.com.br\/es\/wp-json\/wp\/v2\/users\/2"}],"replies":[{"embeddable":true,"href":"https:\/\/racoesfutura.com.br\/es\/wp-json\/wp\/v2\/comments?post=576"}],"version-history":[{"count":0,"href":"https:\/\/racoesfutura.com.br\/es\/wp-json\/wp\/v2\/pages\/576\/revisions"}],"wp:attachment":[{"href":"https:\/\/racoesfutura.com.br\/es\/wp-json\/wp\/v2\/media?parent=576"}],"curies":[{"name":"wp","href":"https:\/\/api.w.org\/{rel}","templated":true}]}}