{"id":538,"date":"2025-07-24T06:53:44","date_gmt":"2025-07-24T06:53:44","guid":{"rendered":"https:\/\/rf.binaryweb.app\/?page_id=538"},"modified":"2025-08-01T18:31:30","modified_gmt":"2025-08-01T18:31:30","slug":"nutri-elite","status":"publish","type":"page","link":"https:\/\/racoesfutura.com.br\/es\/nutri-elite\/","title":{"rendered":"NUTRI-ELITE"},"content":{"rendered":"<div data-elementor-type=\"wp-page\" data-elementor-id=\"538\" class=\"elementor elementor-538\">\n\t\t\t\t<div class=\"elementor-element elementor-element-92dcd24 e-con-full e-flex e-con e-parent\" data-id=\"92dcd24\" data-element_type=\"container\" data-settings=\"{&quot;background_background&quot;:&quot;classic&quot;}\">\n\t\t<div class=\"elementor-element elementor-element-6557f98 e-flex e-con-boxed e-con e-child\" data-id=\"6557f98\" data-element_type=\"container\">\n\t\t\t\t\t<div class=\"e-con-inner\">\n\t\t\t\t<div class=\"elementor-element elementor-element-0068efc elementor-widget elementor-widget-heading\" data-id=\"0068efc\" data-element_type=\"widget\" data-widget_type=\"heading.default\">\n\t\t\t\t\t<h2 class=\"elementor-heading-title elementor-size-default\">NUTRI-ELITE\n<\/h2>\t\t\t\t<\/div>\n\t\t\t\t<div class=\"elementor-element elementor-element-536d509 elementor-widget elementor-widget-hfe-breadcrumbs-widget\" data-id=\"536d509\" data-element_type=\"widget\" data-widget_type=\"hfe-breadcrumbs-widget.default\">\n\t\t\t\t<div class=\"elementor-widget-container\">\n\t\t\t\t\t<nav aria-label=\"Migaja de pan\"><ul class=\"hfe-breadcrumbs hfe-breadcrumbs-show-home\"><li class=\"hfe-breadcrumbs-item hfe-breadcrumbs-first\"><span class=\"hfe-breadcrumbs-home-icon\"><\/span><a href=\"https:\/\/racoesfutura.com.br\/es\"><span class=\"hfe-breadcrumbs-text\">COMENZAR<\/span><\/a><\/li><\/ul><\/nav>\t\t\t\t<\/div>\n\t\t\t\t<\/div>\n\t\t\t\t\t<\/div>\n\t\t\t\t<\/div>\n\t\t\t\t<\/div>\n\t\t<div class=\"elementor-element elementor-element-4bb26f1 e-flex e-con-boxed e-con e-parent\" data-id=\"4bb26f1\" data-element_type=\"container\">\n\t\t\t\t\t<div class=\"e-con-inner\">\n\t\t<div class=\"elementor-element elementor-element-ef5b880 e-con-full e-flex e-con e-child\" data-id=\"ef5b880\" data-element_type=\"container\">\n\t\t\t\t<div class=\"elementor-element elementor-element-897b10c elementor-widget elementor-widget-video\" data-id=\"897b10c\" data-element_type=\"widget\" data-settings=\"{&quot;youtube_url&quot;:&quot;https:\\\/\\\/www.youtube.com\\\/watch?v=C-Vwinv-4Bo&quot;,&quot;video_type&quot;:&quot;youtube&quot;,&quot;controls&quot;:&quot;yes&quot;}\" data-widget_type=\"video.default\">\n\t\t\t\t\t\t\t<div class=\"elementor-wrapper elementor-open-inline\">\n\t\t\t<div class=\"elementor-video\"><\/div>\t\t<\/div>\n\t\t\t\t\t\t<\/div>\n\t\t\t\t<\/div>\n\t\t<div class=\"elementor-element elementor-element-7507dbb e-con-full e-flex e-con e-child\" data-id=\"7507dbb\" data-element_type=\"container\">\n\t\t\t\t<div class=\"elementor-element elementor-element-c0c7cff elementor-widget elementor-widget-heading\" data-id=\"c0c7cff\" data-element_type=\"widget\" data-widget_type=\"heading.default\">\n\t\t\t\t\t<h2 class=\"elementor-heading-title elementor-size-default\">L\u00cdNEA NUTRI-ELITE<\/h2>\t\t\t\t<\/div>\n\t\t\t\t<div class=\"elementor-element elementor-element-86cb65c elementor-widget elementor-widget-text-editor\" data-id=\"86cb65c\" data-element_type=\"widget\" data-widget_type=\"text-editor.default\">\n\t\t\t\t\t\t\t\t\tPara ganado de \u00e9lite o animales cuyos criadores desean optimizar su desarrollo. Productos desarrollados con toda la tecnolog\u00eda nutricional e industrial existente para transformar animales con alto potencial gen\u00e9tico en aut\u00e9nticos campeones de la productividad.\t\t\t\t\t\t\t\t<\/div>\n\t\t\t\t<div class=\"elementor-element elementor-element-d595de4 elementor-widget elementor-widget-heading\" data-id=\"d595de4\" data-element_type=\"widget\" data-widget_type=\"heading.default\">\n\t\t\t\t\t<h2 class=\"elementor-heading-title elementor-size-default\">Caracter\u00edsticas T\u00e9cnicas de la L\u00ednea\n<\/h2>\t\t\t\t<\/div>\n\t\t\t\t<div class=\"elementor-element elementor-element-8975909 elementor-widget elementor-widget-text-editor\" data-id=\"8975909\" data-element_type=\"widget\" data-widget_type=\"text-editor.default\">\n\t\t\t\t\t\t\t\t\t<p>Ma\u00edz Pre-Gelatinizado \u2013 Alta densidad energ\u00e9tica para resultados superiores. <br \/><br \/>Avena y heno en copos: fibra de alta calidad para un rumen m\u00e1s desarrollado y saludable. <br \/><br \/>Ma\u00edz en hojuelas: mayor contenido energ\u00e9tico para necesidades especiales. <br \/><br \/>Minerales org\u00e1nicos: Mejora la respuesta inmune. <br \/><br \/>Secuestrante de Toxinas-ADT 2000 \u2013 Protecci\u00f3n contra micotoxinas. <br \/><br \/>Nucle\u00f3tido \u2013 Prote\u00edna de muy alto valor biol\u00f3gico que mejora la conversi\u00f3n alimenticia. <br \/><br \/>Levadura viva \u2013 Mayor digestibilidad de la fibra, mayor ingesta de materia seca. <br \/><br \/>Factor LM+ \u2013 Mayor eficiencia energ\u00e9tica, control de la acidosis. <br \/><br \/>Ativamix \u2013 Reduce los efectos del estr\u00e9s y mejora las defensas inmunol\u00f3gicas.<\/p>\t\t\t\t\t\t\t\t<\/div>\n\t\t\t\t<\/div>\n\t\t\t\t\t<\/div>\n\t\t\t\t<\/div>\n\t\t<div class=\"elementor-element elementor-element-b0669ac e-flex e-con-boxed e-con e-parent\" data-id=\"b0669ac\" data-element_type=\"container\">\n\t\t\t\t\t<div class=\"e-con-inner\">\n\t\t<div class=\"elementor-element elementor-element-e61ec21 e-con-full e-flex e-con e-child\" data-id=\"e61ec21\" data-element_type=\"container\">\n\t\t\t\t<div class=\"elementor-element elementor-element-f578e85 elementor-widget elementor-widget-heading\" data-id=\"f578e85\" data-element_type=\"widget\" data-widget_type=\"heading.default\">\n\t\t\t\t\t<h2 class=\"elementor-heading-title elementor-size-default\">ELITE PRINCIPIO<\/h2>\t\t\t\t<\/div>\n\t\t\t\t<div class=\"elementor-element elementor-element-8d1a708 elementor-widget elementor-widget-text-editor\" data-id=\"8d1a708\" data-element_type=\"widget\" data-widget_type=\"text-editor.default\">\n\t\t\t\t\t\t\t\t\tAlimento inicial con 24% de prote\u00edna, con multicomponentes, ma\u00edz pregelatinizado, heno, ma\u00edz flocado, con avena arrollada, Factor LM+ y Ativamix.\t\t\t\t\t\t\t\t<\/div>\n\t\t\t\t<\/div>\n\t\t<div class=\"elementor-element elementor-element-2dbec5a e-con-full e-flex e-con e-child\" data-id=\"2dbec5a\" data-element_type=\"container\">\n\t\t\t\t<div class=\"elementor-element elementor-element-f1e7365 elementor-widget elementor-widget-heading\" data-id=\"f1e7365\" data-element_type=\"widget\" data-widget_type=\"heading.default\">\n\t\t\t\t\t<h2 class=\"elementor-heading-title elementor-size-default\">ELITE DESTINO<\/h2>\t\t\t\t<\/div>\n\t\t\t\t<div class=\"elementor-element elementor-element-e433de7 elementor-widget elementor-widget-text-editor\" data-id=\"e433de7\" data-element_type=\"widget\" data-widget_type=\"text-editor.default\">\n\t\t\t\t\t\t\t\t\tAlimento con 18% de prote\u00edna, con multicomponentes, ma\u00edz pregelatinizado, heno, avena arrollada, Factor LM+ y Ativamix. En reba\u00f1os comerciales, seg\u00fan el objetivo, puede ser la raci\u00f3n de crecimiento o incluso la raci\u00f3n inicial.\t\t\t\t\t\t\t\t<\/div>\n\t\t\t\t<\/div>\n\t\t\t\t\t<\/div>\n\t\t\t\t<\/div>\n\t\t\t\t<\/div>","protected":false},"excerpt":{"rendered":"<p>NUTRI-ELITE IN\u00cdCIO https:\/\/www.youtube.com\/watch?v=C-Vwinv-4Bo LINHA NUTRI-ELITE Para bovinos de elite ou aqueles animais que o criador quer dar um desenvolvimento superior. [&hellip;]<\/p>","protected":false},"author":2,"featured_media":0,"parent":0,"menu_order":0,"comment_status":"closed","ping_status":"closed","template":"","meta":{"_eb_attr":"","site-sidebar-layout":"no-sidebar","site-content-layout":"","ast-site-content-layout":"full-width-container","site-content-style":"default","site-sidebar-style":"default","ast-global-header-display":"","ast-banner-title-visibility":"","ast-main-header-display":"","ast-hfb-above-header-display":"","ast-hfb-below-header-display":"","ast-hfb-mobile-header-display":"","site-post-title":"disabled","ast-breadcrumbs-content":"","ast-featured-img":"disabled","footer-sml-layout":"","theme-transparent-header-meta":"","adv-header-id-meta":"","stick-header-meta":"","header-above-stick-meta":"","header-main-stick-meta":"","header-below-stick-meta":"","astra-migrate-meta-layouts":"default","ast-page-background-enabled":"default","ast-page-background-meta":{"desktop":{"background-color":"var(--ast-global-color-5)","background-image":"","background-repeat":"repeat","background-position":"center center","background-size":"auto","background-attachment":"scroll","background-type":"","background-media":"","overlay-type":"","overlay-color":"","overlay-opacity":"","overlay-gradient":""},"tablet":{"background-color":"","background-image":"","background-repeat":"repeat","background-position":"center center","background-size":"auto","background-attachment":"scroll","background-type":"","background-media":"","overlay-type":"","overlay-color":"","overlay-opacity":"","overlay-gradient":""},"mobile":{"background-color":"","background-image":"","background-repeat":"repeat","background-position":"center center","background-size":"auto","background-attachment":"scroll","background-type":"","background-media":"","overlay-type":"","overlay-color":"","overlay-opacity":"","overlay-gradient":""}},"ast-content-background-meta":{"desktop":{"background-color":"var(--ast-global-color-4)","background-image":"","background-repeat":"repeat","background-position":"center center","background-size":"auto","background-attachment":"scroll","background-type":"","background-media":"","overlay-type":"","overlay-color":"","overlay-opacity":"","overlay-gradient":""},"tablet":{"background-color":"var(--ast-global-color-4)","background-image":"","background-repeat":"repeat","background-position":"center center","background-size":"auto","background-attachment":"scroll","background-type":"","background-media":"","overlay-type":"","overlay-color":"","overlay-opacity":"","overlay-gradient":""},"mobile":{"background-color":"var(--ast-global-color-4)","background-image":"","background-repeat":"repeat","background-position":"center center","background-size":"auto","background-attachment":"scroll","background-type":"","background-media":"","overlay-type":"","overlay-color":"","overlay-opacity":"","overlay-gradient":""}},"footnotes":""},"class_list":["post-538","page","type-page","status-publish","hentry"],"_links":{"self":[{"href":"https:\/\/racoesfutura.com.br\/es\/wp-json\/wp\/v2\/pages\/538","targetHints":{"allow":["GET"]}}],"collection":[{"href":"https:\/\/racoesfutura.com.br\/es\/wp-json\/wp\/v2\/pages"}],"about":[{"href":"https:\/\/racoesfutura.com.br\/es\/wp-json\/wp\/v2\/types\/page"}],"author":[{"embeddable":true,"href":"https:\/\/racoesfutura.com.br\/es\/wp-json\/wp\/v2\/users\/2"}],"replies":[{"embeddable":true,"href":"https:\/\/racoesfutura.com.br\/es\/wp-json\/wp\/v2\/comments?post=538"}],"version-history":[{"count":0,"href":"https:\/\/racoesfutura.com.br\/es\/wp-json\/wp\/v2\/pages\/538\/revisions"}],"wp:attachment":[{"href":"https:\/\/racoesfutura.com.br\/es\/wp-json\/wp\/v2\/media?parent=538"}],"curies":[{"name":"wp","href":"https:\/\/api.w.org\/{rel}","templated":true}]}}