{"id":484,"date":"2025-07-24T06:24:44","date_gmt":"2025-07-24T06:24:44","guid":{"rendered":"https:\/\/rf.binaryweb.app\/?page_id=484"},"modified":"2025-08-01T17:40:13","modified_gmt":"2025-08-01T17:40:13","slug":"ft-phos","status":"publish","type":"page","link":"https:\/\/racoesfutura.com.br\/es\/ft-phos\/","title":{"rendered":"FT-PHOS"},"content":{"rendered":"<div data-elementor-type=\"wp-page\" data-elementor-id=\"484\" class=\"elementor elementor-484\">\n\t\t\t\t<div class=\"elementor-element elementor-element-92dcd24 e-con-full e-flex e-con e-parent\" data-id=\"92dcd24\" data-element_type=\"container\" data-settings=\"{&quot;background_background&quot;:&quot;classic&quot;}\">\n\t\t<div class=\"elementor-element elementor-element-6557f98 e-flex e-con-boxed e-con e-child\" data-id=\"6557f98\" data-element_type=\"container\">\n\t\t\t\t\t<div class=\"e-con-inner\">\n\t\t\t\t<div class=\"elementor-element elementor-element-0068efc elementor-widget elementor-widget-heading\" data-id=\"0068efc\" data-element_type=\"widget\" data-widget_type=\"heading.default\">\n\t\t\t\t\t<h2 class=\"elementor-heading-title elementor-size-default\">MINERALES FT-PHOS<\/h2>\t\t\t\t<\/div>\n\t\t\t\t<div class=\"elementor-element elementor-element-536d509 elementor-widget elementor-widget-hfe-breadcrumbs-widget\" data-id=\"536d509\" data-element_type=\"widget\" data-widget_type=\"hfe-breadcrumbs-widget.default\">\n\t\t\t\t<div class=\"elementor-widget-container\">\n\t\t\t\t\t<nav aria-label=\"Migaja de pan\"><ul class=\"hfe-breadcrumbs hfe-breadcrumbs-show-home\"><li class=\"hfe-breadcrumbs-item hfe-breadcrumbs-first\"><span class=\"hfe-breadcrumbs-home-icon\"><\/span><a href=\"https:\/\/racoesfutura.com.br\/es\"><span class=\"hfe-breadcrumbs-text\">COMENZAR<\/span><\/a><\/li><\/ul><\/nav>\t\t\t\t<\/div>\n\t\t\t\t<\/div>\n\t\t\t\t\t<\/div>\n\t\t\t\t<\/div>\n\t\t\t\t<\/div>\n\t\t<div class=\"elementor-element elementor-element-4bb26f1 e-flex e-con-boxed e-con e-parent\" data-id=\"4bb26f1\" data-element_type=\"container\">\n\t\t\t\t\t<div class=\"e-con-inner\">\n\t\t<div class=\"elementor-element elementor-element-ef5b880 e-con-full e-flex e-con e-child\" data-id=\"ef5b880\" data-element_type=\"container\">\n\t\t\t\t<div class=\"elementor-element elementor-element-ed92ffa elementor-widget elementor-widget-image\" data-id=\"ed92ffa\" data-element_type=\"widget\" data-widget_type=\"image.default\">\n\t\t\t\t\t\t\t\t\t\t\t\t\t\t\t<img fetchpriority=\"high\" decoding=\"async\" width=\"1024\" height=\"644\" src=\"https:\/\/racoesfutura.com.br\/wp-content\/uploads\/2025\/07\/ftphos1-1024x644.jpg\" class=\"attachment-large size-large wp-image-486\" alt=\"\" srcset=\"https:\/\/racoesfutura.com.br\/wp-content\/uploads\/2025\/07\/ftphos1-1024x644.jpg 1024w, https:\/\/racoesfutura.com.br\/wp-content\/uploads\/2025\/07\/ftphos1-300x189.jpg 300w, https:\/\/racoesfutura.com.br\/wp-content\/uploads\/2025\/07\/ftphos1-768x483.jpg 768w, https:\/\/racoesfutura.com.br\/wp-content\/uploads\/2025\/07\/ftphos1-1536x965.jpg 1536w, https:\/\/racoesfutura.com.br\/wp-content\/uploads\/2025\/07\/ftphos1.jpg 1871w\" sizes=\"(max-width: 1024px) 100vw, 1024px\" \/>\t\t\t\t\t\t\t\t\t\t\t\t\t\t\t<\/div>\n\t\t\t\t<\/div>\n\t\t<div class=\"elementor-element elementor-element-7507dbb e-con-full e-flex e-con e-child\" data-id=\"7507dbb\" data-element_type=\"container\">\n\t\t\t\t<div class=\"elementor-element elementor-element-6d22cbc elementor-widget elementor-widget-heading\" data-id=\"6d22cbc\" data-element_type=\"widget\" data-widget_type=\"heading.default\">\n\t\t\t\t\t<h2 class=\"elementor-heading-title elementor-size-default\">L\u00cdNEA FT-PHOS<\/h2>\t\t\t\t<\/div>\n\t\t\t\t<div class=\"elementor-element elementor-element-db153c0 elementor-widget elementor-widget-text-editor\" data-id=\"db153c0\" data-element_type=\"widget\" data-widget_type=\"text-editor.default\">\n\t\t\t\t\t\t\t\t\tELABORADO CON LAS MEJORES MATERIAS PRIMAS DEL MERCADO, COMPROMISO CON LA CALIDAD Y LOS RESULTADOS DE FUTURO.\t\t\t\t\t\t\t\t<\/div>\n\t\t\t\t<div class=\"elementor-element elementor-element-707d6ed elementor-widget elementor-widget-heading\" data-id=\"707d6ed\" data-element_type=\"widget\" data-widget_type=\"heading.default\">\n\t\t\t\t\t<h2 class=\"elementor-heading-title elementor-size-default\">TERNEROS FT-PHOS<\/h2>\t\t\t\t<\/div>\n\t\t\t\t<div class=\"elementor-element elementor-element-377162c elementor-widget elementor-widget-text-editor\" data-id=\"377162c\" data-element_type=\"widget\" data-widget_type=\"text-editor.default\">\n\t\t\t\t\t\t\t\t\tSuplemento mineral rico en prote\u00ednas con promotor de crecimiento y Ativamix. Ingesta recomendada: 150 gramos por cada 100 kg de peso corporal. No contiene urea. Terneros de leche: hasta los 6 meses de edad. Terneros de carne: hasta los 8 meses de edad con alimentaci\u00f3n complementaria. Listo para usar.\t\t\t\t\t\t\t\t<\/div>\n\t\t\t\t<div class=\"elementor-element elementor-element-93592d8 elementor-widget elementor-widget-heading\" data-id=\"93592d8\" data-element_type=\"widget\" data-widget_type=\"heading.default\">\n\t\t\t\t\t<h2 class=\"elementor-heading-title elementor-size-default\">FERTILIDAD FT-PHOS<\/h2>\t\t\t\t<\/div>\n\t\t\t\t<div class=\"elementor-element elementor-element-834713a elementor-widget elementor-widget-text-editor\" data-id=\"834713a\" data-element_type=\"widget\" data-widget_type=\"text-editor.default\">\n\t\t\t\t\t\t\t\t\tSuplemento mineral y vitam\u00ednico con Ativamix. Para reba\u00f1os con dificultades reproductivas extremas. 105 gramos de f\u00f3sforo, minerales org\u00e1nicos, levadura viva y vitaminas ADE y biotina en dosis muy altas. Listo para usar.\t\t\t\t\t\t\t\t<\/div>\n\t\t\t\t<\/div>\n\t\t\t\t\t<\/div>\n\t\t\t\t<\/div>\n\t\t<div class=\"elementor-element elementor-element-b0669ac e-flex e-con-boxed e-con e-parent\" data-id=\"b0669ac\" data-element_type=\"container\">\n\t\t\t\t\t<div class=\"e-con-inner\">\n\t\t<div class=\"elementor-element elementor-element-e61ec21 e-con-full e-flex e-con e-child\" data-id=\"e61ec21\" data-element_type=\"container\">\n\t\t\t\t<div class=\"elementor-element elementor-element-f578e85 elementor-widget elementor-widget-heading\" data-id=\"f578e85\" data-element_type=\"widget\" data-widget_type=\"heading.default\">\n\t\t\t\t\t<h2 class=\"elementor-heading-title elementor-size-default\">FT-PHOS 90<\/h2>\t\t\t\t<\/div>\n\t\t\t\t<div class=\"elementor-element elementor-element-8d1a708 elementor-widget elementor-widget-text-editor\" data-id=\"8d1a708\" data-element_type=\"widget\" data-widget_type=\"text-editor.default\">\n\t\t\t\t\t\t\t\t\tSuplemento mineral y vitam\u00ednico con Ativamix. Mineralizaci\u00f3n de vacas lecheras y de carne durante la lactancia y\/o la \u00e9poca de cr\u00eda. 90 gramos de f\u00f3sforo con vitaminas ADE y biotina. Para reba\u00f1os de alto rendimiento. Listo para usar. Alto contenido de oligoelementos.\t\t\t\t\t\t\t\t<\/div>\n\t\t\t\t<\/div>\n\t\t<div class=\"elementor-element elementor-element-2dbec5a e-con-full e-flex e-con e-child\" data-id=\"2dbec5a\" data-element_type=\"container\">\n\t\t\t\t<div class=\"elementor-element elementor-element-f1e7365 elementor-widget elementor-widget-heading\" data-id=\"f1e7365\" data-element_type=\"widget\" data-widget_type=\"heading.default\">\n\t\t\t\t\t<h2 class=\"elementor-heading-title elementor-size-default\">FT-PHOS 80<\/h2>\t\t\t\t<\/div>\n\t\t\t\t<div class=\"elementor-element elementor-element-e433de7 elementor-widget elementor-widget-text-editor\" data-id=\"e433de7\" data-element_type=\"widget\" data-widget_type=\"text-editor.default\">\n\t\t\t\t\t\t\t\t\tSuplemento mineral con Ativamix para vacas lactantes, novillas en diferentes etapas, vacas de carne lactantes y animales de cr\u00eda. 80 gramos de f\u00f3sforo. Listo para usar.\t\t\t\t\t\t\t\t<\/div>\n\t\t\t\t<\/div>\n\t\t\t\t\t<\/div>\n\t\t\t\t<\/div>\n\t\t<div class=\"elementor-element elementor-element-cdabfc8 e-flex e-con-boxed e-con e-parent\" data-id=\"cdabfc8\" data-element_type=\"container\">\n\t\t\t\t\t<div class=\"e-con-inner\">\n\t\t<div class=\"elementor-element elementor-element-84db183 e-con-full e-flex e-con e-child\" data-id=\"84db183\" data-element_type=\"container\">\n\t\t\t\t<div class=\"elementor-element elementor-element-7cb18d4 elementor-widget elementor-widget-heading\" data-id=\"7cb18d4\" data-element_type=\"widget\" data-widget_type=\"heading.default\">\n\t\t\t\t\t<h2 class=\"elementor-heading-title elementor-size-default\">FT-PHOS 60<\/h2>\t\t\t\t<\/div>\n\t\t\t\t<div class=\"elementor-element elementor-element-1e58867 elementor-widget elementor-widget-text-editor\" data-id=\"1e58867\" data-element_type=\"widget\" data-widget_type=\"text-editor.default\">\n\t\t\t\t\t\t\t\t\tSuplemento mineral para animales en fase de recr\u00eda y engorde, vacas lecheras secas y ganado vacuno de carne en general. 60 gramos de f\u00f3sforo. Listo para usar.\t\t\t\t\t\t\t\t<\/div>\n\t\t\t\t<\/div>\n\t\t<div class=\"elementor-element elementor-element-cc87f89 e-con-full e-flex e-con e-child\" data-id=\"cc87f89\" data-element_type=\"container\">\n\t\t\t\t<div class=\"elementor-element elementor-element-2f2dbcc elementor-widget elementor-widget-heading\" data-id=\"2f2dbcc\" data-element_type=\"widget\" data-widget_type=\"heading.default\">\n\t\t\t\t\t<h2 class=\"elementor-heading-title elementor-size-default\">FT-PHOS 40<\/h2>\t\t\t\t<\/div>\n\t\t\t\t<div class=\"elementor-element elementor-element-4459b94 elementor-widget elementor-widget-text-editor\" data-id=\"4459b94\" data-element_type=\"widget\" data-widget_type=\"text-editor.default\">\n\t\t\t\t\t\t\t\t\tSuplemento mineral para animales en etapa de finalizaci\u00f3n, ya sea en pastoreo o en confinamiento. 40 gramos de f\u00f3sforo. Listo para usar.\t\t\t\t\t\t\t\t<\/div>\n\t\t\t\t<\/div>\n\t\t\t\t\t<\/div>\n\t\t\t\t<\/div>\n\t\t<div class=\"elementor-element elementor-element-c9f6efe e-flex e-con-boxed e-con e-parent\" data-id=\"c9f6efe\" data-element_type=\"container\">\n\t\t\t\t\t<div class=\"e-con-inner\">\n\t\t<div class=\"elementor-element elementor-element-ce79fc7 e-con-full e-flex e-con e-child\" data-id=\"ce79fc7\" data-element_type=\"container\">\n\t\t\t\t<div class=\"elementor-element elementor-element-8852e71 elementor-widget elementor-widget-heading\" data-id=\"8852e71\" data-element_type=\"widget\" data-widget_type=\"heading.default\">\n\t\t\t\t\t<h2 class=\"elementor-heading-title elementor-size-default\">FT-PHOS 150<\/h2>\t\t\t\t<\/div>\n\t\t\t\t<div class=\"elementor-element elementor-element-8a357d9 elementor-widget elementor-widget-text-editor\" data-id=\"8a357d9\" data-element_type=\"widget\" data-widget_type=\"text-editor.default\">\n\t\t\t\t\t\t\t\t\tSuplemento mineral concentrado con altos niveles de macro y micro minerales para ser mezclado con sal blanca y utilizado para ganado lechero y de carne.\t\t\t\t\t\t\t\t<\/div>\n\t\t\t\t<\/div>\n\t\t<div class=\"elementor-element elementor-element-0ae772d e-con-full e-flex e-con e-child\" data-id=\"0ae772d\" data-element_type=\"container\">\n\t\t\t\t<div class=\"elementor-element elementor-element-4998162 elementor-widget elementor-widget-heading\" data-id=\"4998162\" data-element_type=\"widget\" data-widget_type=\"heading.default\">\n\t\t\t\t\t<h2 class=\"elementor-heading-title elementor-size-default\">OVEJAS FT-PHOS<\/h2>\t\t\t\t<\/div>\n\t\t\t\t<div class=\"elementor-element elementor-element-6e0b905 elementor-widget elementor-widget-text-editor\" data-id=\"6e0b905\" data-element_type=\"widget\" data-widget_type=\"text-editor.default\">\n\t\t\t\t\t\t\t\t\tAdministre FT-Phos ad libitum a ovejas en todas las etapas de su vida, preferiblemente en comederos cubiertos. Consumo previsto: 1,0 a 1,5 gramos por kg de peso vivo.\t\t\t\t\t\t\t\t<\/div>\n\t\t\t\t<\/div>\n\t\t\t\t\t<\/div>\n\t\t\t\t<\/div>\n\t\t\t\t<\/div>","protected":false},"excerpt":{"rendered":"<p>MINERAIS FT-PHOS IN\u00cdCIO LINHA FT-PHOS ELABORADOS COM AS MELHORES MAT\u00c9RIAS PRIMAS DO MERCADO, COMPROMISSO DE QUALIDADE DA FUTURA COM O [&hellip;]<\/p>","protected":false},"author":2,"featured_media":0,"parent":0,"menu_order":0,"comment_status":"closed","ping_status":"closed","template":"","meta":{"_eb_attr":"","site-sidebar-layout":"no-sidebar","site-content-layout":"","ast-site-content-layout":"full-width-container","site-content-style":"default","site-sidebar-style":"default","ast-global-header-display":"","ast-banner-title-visibility":"","ast-main-header-display":"","ast-hfb-above-header-display":"","ast-hfb-below-header-display":"","ast-hfb-mobile-header-display":"","site-post-title":"disabled","ast-breadcrumbs-content":"","ast-featured-img":"disabled","footer-sml-layout":"","theme-transparent-header-meta":"","adv-header-id-meta":"","stick-header-meta":"","header-above-stick-meta":"","header-main-stick-meta":"","header-below-stick-meta":"","astra-migrate-meta-layouts":"default","ast-page-background-enabled":"default","ast-page-background-meta":{"desktop":{"background-color":"var(--ast-global-color-5)","background-image":"","background-repeat":"repeat","background-position":"center center","background-size":"auto","background-attachment":"scroll","background-type":"","background-media":"","overlay-type":"","overlay-color":"","overlay-opacity":"","overlay-gradient":""},"tablet":{"background-color":"","background-image":"","background-repeat":"repeat","background-position":"center center","background-size":"auto","background-attachment":"scroll","background-type":"","background-media":"","overlay-type":"","overlay-color":"","overlay-opacity":"","overlay-gradient":""},"mobile":{"background-color":"","background-image":"","background-repeat":"repeat","background-position":"center center","background-size":"auto","background-attachment":"scroll","background-type":"","background-media":"","overlay-type":"","overlay-color":"","overlay-opacity":"","overlay-gradient":""}},"ast-content-background-meta":{"desktop":{"background-color":"var(--ast-global-color-4)","background-image":"","background-repeat":"repeat","background-position":"center center","background-size":"auto","background-attachment":"scroll","background-type":"","background-media":"","overlay-type":"","overlay-color":"","overlay-opacity":"","overlay-gradient":""},"tablet":{"background-color":"var(--ast-global-color-4)","background-image":"","background-repeat":"repeat","background-position":"center center","background-size":"auto","background-attachment":"scroll","background-type":"","background-media":"","overlay-type":"","overlay-color":"","overlay-opacity":"","overlay-gradient":""},"mobile":{"background-color":"var(--ast-global-color-4)","background-image":"","background-repeat":"repeat","background-position":"center center","background-size":"auto","background-attachment":"scroll","background-type":"","background-media":"","overlay-type":"","overlay-color":"","overlay-opacity":"","overlay-gradient":""}},"footnotes":""},"class_list":["post-484","page","type-page","status-publish","hentry"],"_links":{"self":[{"href":"https:\/\/racoesfutura.com.br\/es\/wp-json\/wp\/v2\/pages\/484","targetHints":{"allow":["GET"]}}],"collection":[{"href":"https:\/\/racoesfutura.com.br\/es\/wp-json\/wp\/v2\/pages"}],"about":[{"href":"https:\/\/racoesfutura.com.br\/es\/wp-json\/wp\/v2\/types\/page"}],"author":[{"embeddable":true,"href":"https:\/\/racoesfutura.com.br\/es\/wp-json\/wp\/v2\/users\/2"}],"replies":[{"embeddable":true,"href":"https:\/\/racoesfutura.com.br\/es\/wp-json\/wp\/v2\/comments?post=484"}],"version-history":[{"count":0,"href":"https:\/\/racoesfutura.com.br\/es\/wp-json\/wp\/v2\/pages\/484\/revisions"}],"wp:attachment":[{"href":"https:\/\/racoesfutura.com.br\/es\/wp-json\/wp\/v2\/media?parent=484"}],"curies":[{"name":"wp","href":"https:\/\/api.w.org\/{rel}","templated":true}]}}