{"id":442,"date":"2025-07-24T04:13:59","date_gmt":"2025-07-24T04:13:59","guid":{"rendered":"https:\/\/rf.binaryweb.app\/?page_id=442"},"modified":"2025-08-01T17:36:39","modified_gmt":"2025-08-01T17:36:39","slug":"performance","status":"publish","type":"page","link":"https:\/\/racoesfutura.com.br\/es\/performance\/","title":{"rendered":"PERFORMANCE"},"content":{"rendered":"<div data-elementor-type=\"wp-page\" data-elementor-id=\"442\" class=\"elementor elementor-442\">\n\t\t\t\t<div class=\"elementor-element elementor-element-92dcd24 e-con-full e-flex e-con e-parent\" data-id=\"92dcd24\" data-element_type=\"container\" data-settings=\"{&quot;background_background&quot;:&quot;classic&quot;}\">\n\t\t<div class=\"elementor-element elementor-element-6557f98 e-flex e-con-boxed e-con e-child\" data-id=\"6557f98\" data-element_type=\"container\">\n\t\t\t\t\t<div class=\"e-con-inner\">\n\t\t\t\t<div class=\"elementor-element elementor-element-0068efc elementor-widget elementor-widget-heading\" data-id=\"0068efc\" data-element_type=\"widget\" data-widget_type=\"heading.default\">\n\t\t\t\t\t<h2 class=\"elementor-heading-title elementor-size-default\">PERFORMANCE<\/h2>\t\t\t\t<\/div>\n\t\t\t\t<div class=\"elementor-element elementor-element-536d509 elementor-widget elementor-widget-hfe-breadcrumbs-widget\" data-id=\"536d509\" data-element_type=\"widget\" data-widget_type=\"hfe-breadcrumbs-widget.default\">\n\t\t\t\t<div class=\"elementor-widget-container\">\n\t\t\t\t\t<nav aria-label=\"Migaja de pan\"><ul class=\"hfe-breadcrumbs hfe-breadcrumbs-show-home\"><li class=\"hfe-breadcrumbs-item hfe-breadcrumbs-first\"><span class=\"hfe-breadcrumbs-home-icon\"><\/span><a href=\"https:\/\/racoesfutura.com.br\/es\"><span class=\"hfe-breadcrumbs-text\">COMENZAR<\/span><\/a><\/li><\/ul><\/nav>\t\t\t\t<\/div>\n\t\t\t\t<\/div>\n\t\t\t\t\t<\/div>\n\t\t\t\t<\/div>\n\t\t\t\t<\/div>\n\t\t<div class=\"elementor-element elementor-element-4bb26f1 e-flex e-con-boxed e-con e-parent\" data-id=\"4bb26f1\" data-element_type=\"container\">\n\t\t\t\t\t<div class=\"e-con-inner\">\n\t\t<div class=\"elementor-element elementor-element-ef5b880 e-con-full e-flex e-con e-child\" data-id=\"ef5b880\" data-element_type=\"container\">\n\t\t\t\t<div class=\"elementor-element elementor-element-d383a51 elementor-widget elementor-widget-video\" data-id=\"d383a51\" data-element_type=\"widget\" data-settings=\"{&quot;youtube_url&quot;:&quot;https:\\\/\\\/www.youtube.com\\\/watch?v=3OA0tNu3p9A&quot;,&quot;video_type&quot;:&quot;youtube&quot;,&quot;controls&quot;:&quot;yes&quot;}\" data-widget_type=\"video.default\">\n\t\t\t\t\t\t\t<div class=\"elementor-wrapper elementor-open-inline\">\n\t\t\t<div class=\"elementor-video\"><\/div>\t\t<\/div>\n\t\t\t\t\t\t<\/div>\n\t\t\t\t<\/div>\n\t\t<div class=\"elementor-element elementor-element-7507dbb e-con-full e-flex e-con e-child\" data-id=\"7507dbb\" data-element_type=\"container\">\n\t\t\t\t<div class=\"elementor-element elementor-element-6d22cbc elementor-widget elementor-widget-heading\" data-id=\"6d22cbc\" data-element_type=\"widget\" data-widget_type=\"heading.default\">\n\t\t\t\t\t<h2 class=\"elementor-heading-title elementor-size-default\">PERFORMANCE FT<\/h2>\t\t\t\t<\/div>\n\t\t\t\t<div class=\"elementor-element elementor-element-377162c elementor-widget elementor-widget-text-editor\" data-id=\"377162c\" data-element_type=\"widget\" data-widget_type=\"text-editor.default\">\n\t\t\t\t\t\t\t\t\tFORRAJE + ALIMENTO PARA VACAS LECHERAS, TODO EN EL MISMO PRODUCTO\t\t\t\t\t\t\t\t<\/div>\n\t\t\t\t<div class=\"elementor-element elementor-element-d655a4e elementor-widget elementor-widget-text-editor\" data-id=\"d655a4e\" data-element_type=\"widget\" data-widget_type=\"text-editor.default\">\n\t\t\t\t\t\t\t\t\t<p>La l\u00ednea Performance FT contiene materias primas proteicas<br \/>y energ\u00e9ticos, minerales, vitaminas, aditivos modernos para<br \/>Alta producci\u00f3n de leche y carne, prevenci\u00f3n de problemas de salud.<br \/>pezu\u00f1a y eficiencia reproductiva.<br \/>Adem\u00e1s, contiene heno y semillas de algod\u00f3n,<br \/>haciendo que el alimento est\u00e9 completamente equilibrado,<br \/>satisfacer no s\u00f3lo las necesidades nutricionales de<br \/>concentrados, pero tambi\u00e9n complementando la parte de<br \/>Forraje esencial para las vacas lecheras.<\/p>\t\t\t\t\t\t\t\t<\/div>\n\t\t\t\t<\/div>\n\t\t\t\t\t<\/div>\n\t\t\t\t<\/div>\n\t\t<div class=\"elementor-element elementor-element-b0669ac e-flex e-con-boxed e-con e-parent\" data-id=\"b0669ac\" data-element_type=\"container\">\n\t\t\t\t\t<div class=\"e-con-inner\">\n\t\t<div class=\"elementor-element elementor-element-e61ec21 e-con-full e-flex e-con e-child\" data-id=\"e61ec21\" data-element_type=\"container\">\n\t\t\t\t<div class=\"elementor-element elementor-element-f578e85 elementor-widget elementor-widget-heading\" data-id=\"f578e85\" data-element_type=\"widget\" data-widget_type=\"heading.default\">\n\t\t\t\t\t<h2 class=\"elementor-heading-title elementor-size-default\">Performance FT 40<\/h2>\t\t\t\t<\/div>\n\t\t\t\t<div class=\"elementor-element elementor-element-8d1a708 elementor-widget elementor-widget-text-editor\" data-id=\"8d1a708\" data-element_type=\"widget\" data-widget_type=\"text-editor.default\">\n\t\t\t\t\t\t\t\t\tPuede ser utilizada como alimento exclusivo para vacas de hasta 40 litros de leche; si se ofrece a libre disposici\u00f3n, no ser\u00e1 necesario suministrar ning\u00fan otro concentrado o forraje. Consumo estimado del 3,5% al 4,0% del peso vivo para vacas de alta producci\u00f3n. Tambi\u00e9n puede usarse para complementar la dieta de vacas con acceso restringido a forraje, ya sea forraje servido en el comedero o en caso de falta de pasturas. En este caso, siempre optar por FT 40, independientemente de la producci\u00f3n. Para dietas, consulte al t\u00e9cnico de Futura m\u00e1s cercano.\t\t\t\t\t\t\t\t<\/div>\n\t\t\t\t<\/div>\n\t\t\t\t\t<\/div>\n\t\t\t\t<\/div>\n\t\t<div class=\"elementor-element elementor-element-cdabfc8 e-flex e-con-boxed e-con e-parent\" data-id=\"cdabfc8\" data-element_type=\"container\">\n\t\t\t\t\t<div class=\"e-con-inner\">\n\t\t<div class=\"elementor-element elementor-element-84db183 e-con-full e-flex e-con e-child\" data-id=\"84db183\" data-element_type=\"container\">\n\t\t\t\t<div class=\"elementor-element elementor-element-7cb18d4 elementor-widget elementor-widget-heading\" data-id=\"7cb18d4\" data-element_type=\"widget\" data-widget_type=\"heading.default\">\n\t\t\t\t\t<h2 class=\"elementor-heading-title elementor-size-default\">Performance FT 30<\/h2>\t\t\t\t<\/div>\n\t\t\t\t<div class=\"elementor-element elementor-element-1e58867 elementor-widget elementor-widget-text-editor\" data-id=\"1e58867\" data-element_type=\"widget\" data-widget_type=\"text-editor.default\">\n\t\t\t\t\t\t\t\t\tPuede ser utilizada como alimento exclusivo para vacas de hasta 30 litros de leche; si se ofrece a libre disposici\u00f3n, no ser\u00e1 necesario suministrar ning\u00fan otro concentrado o forraje. Consumo estimado del 3,0% al 3,5% del peso vivo para vacas de 20 a 30 litros. Puede usarse como dieta complementaria al forraje.\t\t\t\t\t\t\t\t<\/div>\n\t\t\t\t<\/div>\n\t\t<div class=\"elementor-element elementor-element-cc87f89 e-con-full e-flex e-con e-child\" data-id=\"cc87f89\" data-element_type=\"container\">\n\t\t\t\t<div class=\"elementor-element elementor-element-2f2dbcc elementor-widget elementor-widget-heading\" data-id=\"2f2dbcc\" data-element_type=\"widget\" data-widget_type=\"heading.default\">\n\t\t\t\t\t<h2 class=\"elementor-heading-title elementor-size-default\">Performance FT 20<\/h2>\t\t\t\t<\/div>\n\t\t\t\t<div class=\"elementor-element elementor-element-4459b94 elementor-widget elementor-widget-text-editor\" data-id=\"4459b94\" data-element_type=\"widget\" data-widget_type=\"text-editor.default\">\n\t\t\t\t\t\t\t\t\tPuede ser utilizada como alimento exclusivo para vacas de hasta 20 litros de leche; si se ofrece a libre disposici\u00f3n, no ser\u00e1 necesario suministrar ning\u00fan otro concentrado o forraje. Consumo estimado del 2,5% al 3,0% del peso vivo para vacas de 10 a 20 litros. Puede ser dada a vaquillonas y vacas secas o bovinos de carne con un consumo estimado del 2,0% al 2,3% del peso vivo.\t\t\t\t\t\t\t\t<\/div>\n\t\t\t\t<\/div>\n\t\t\t\t\t<\/div>\n\t\t\t\t<\/div>\n\t\t<div class=\"elementor-element elementor-element-c9f6efe e-flex e-con-boxed e-con e-parent\" data-id=\"c9f6efe\" data-element_type=\"container\">\n\t\t\t\t\t<div class=\"e-con-inner\">\n\t\t<div class=\"elementor-element elementor-element-ce79fc7 e-con-full e-flex e-con e-child\" data-id=\"ce79fc7\" data-element_type=\"container\">\n\t\t\t\t<div class=\"elementor-element elementor-element-8852e71 elementor-widget elementor-widget-heading\" data-id=\"8852e71\" data-element_type=\"widget\" data-widget_type=\"heading.default\">\n\t\t\t\t\t<h2 class=\"elementor-heading-title elementor-size-default\">Rendimiento de FT ani\u00f3nico<\/h2>\t\t\t\t<\/div>\n\t\t\t\t<div class=\"elementor-element elementor-element-8a357d9 elementor-widget elementor-widget-text-editor\" data-id=\"8a357d9\" data-element_type=\"widget\" data-widget_type=\"text-editor.default\">\n\t\t\t\t\t\t\t\t\tAlimento preparto. Esto soluciona el problema de proporcionar una dieta ani\u00f3nica eficaz a los animales sin causar rechazo. A\u00f1adimos heno al producto para diluir las sales ani\u00f3nicas y mejorar su aceptaci\u00f3n. Administre de 5 a 10 kg de Performance FT Ani\u00f4nica 30 d\u00edas antes del parto, junto con ca\u00f1a de az\u00facar, ensilado o incluso pasto. No proporcione suplementos minerales.\t\t\t\t\t\t\t\t<\/div>\n\t\t\t\t<\/div>\n\t\t\t\t\t<\/div>\n\t\t\t\t<\/div>\n\t\t\t\t<\/div>","protected":false},"excerpt":{"rendered":"<p>PERFORMANCE IN\u00cdCIO https:\/\/www.youtube.com\/watch?v=3OA0tNu3p9A PERFORMANCE FT FORRAGEM + RA\u00c7\u00c3O PARA VACAS DE LEITE, TUDO DENTRO DO MESMO PRODUTO A linha Performance [&hellip;]<\/p>","protected":false},"author":2,"featured_media":0,"parent":0,"menu_order":0,"comment_status":"closed","ping_status":"closed","template":"","meta":{"_eb_attr":"","site-sidebar-layout":"no-sidebar","site-content-layout":"","ast-site-content-layout":"full-width-container","site-content-style":"default","site-sidebar-style":"default","ast-global-header-display":"","ast-banner-title-visibility":"","ast-main-header-display":"","ast-hfb-above-header-display":"","ast-hfb-below-header-display":"","ast-hfb-mobile-header-display":"","site-post-title":"disabled","ast-breadcrumbs-content":"","ast-featured-img":"disabled","footer-sml-layout":"","theme-transparent-header-meta":"","adv-header-id-meta":"","stick-header-meta":"","header-above-stick-meta":"","header-main-stick-meta":"","header-below-stick-meta":"","astra-migrate-meta-layouts":"default","ast-page-background-enabled":"default","ast-page-background-meta":{"desktop":{"background-color":"var(--ast-global-color-5)","background-image":"","background-repeat":"repeat","background-position":"center center","background-size":"auto","background-attachment":"scroll","background-type":"","background-media":"","overlay-type":"","overlay-color":"","overlay-opacity":"","overlay-gradient":""},"tablet":{"background-color":"","background-image":"","background-repeat":"repeat","background-position":"center center","background-size":"auto","background-attachment":"scroll","background-type":"","background-media":"","overlay-type":"","overlay-color":"","overlay-opacity":"","overlay-gradient":""},"mobile":{"background-color":"","background-image":"","background-repeat":"repeat","background-position":"center center","background-size":"auto","background-attachment":"scroll","background-type":"","background-media":"","overlay-type":"","overlay-color":"","overlay-opacity":"","overlay-gradient":""}},"ast-content-background-meta":{"desktop":{"background-color":"var(--ast-global-color-4)","background-image":"","background-repeat":"repeat","background-position":"center center","background-size":"auto","background-attachment":"scroll","background-type":"","background-media":"","overlay-type":"","overlay-color":"","overlay-opacity":"","overlay-gradient":""},"tablet":{"background-color":"var(--ast-global-color-4)","background-image":"","background-repeat":"repeat","background-position":"center center","background-size":"auto","background-attachment":"scroll","background-type":"","background-media":"","overlay-type":"","overlay-color":"","overlay-opacity":"","overlay-gradient":""},"mobile":{"background-color":"var(--ast-global-color-4)","background-image":"","background-repeat":"repeat","background-position":"center center","background-size":"auto","background-attachment":"scroll","background-type":"","background-media":"","overlay-type":"","overlay-color":"","overlay-opacity":"","overlay-gradient":""}},"footnotes":""},"class_list":["post-442","page","type-page","status-publish","hentry"],"_links":{"self":[{"href":"https:\/\/racoesfutura.com.br\/es\/wp-json\/wp\/v2\/pages\/442","targetHints":{"allow":["GET"]}}],"collection":[{"href":"https:\/\/racoesfutura.com.br\/es\/wp-json\/wp\/v2\/pages"}],"about":[{"href":"https:\/\/racoesfutura.com.br\/es\/wp-json\/wp\/v2\/types\/page"}],"author":[{"embeddable":true,"href":"https:\/\/racoesfutura.com.br\/es\/wp-json\/wp\/v2\/users\/2"}],"replies":[{"embeddable":true,"href":"https:\/\/racoesfutura.com.br\/es\/wp-json\/wp\/v2\/comments?post=442"}],"version-history":[{"count":0,"href":"https:\/\/racoesfutura.com.br\/es\/wp-json\/wp\/v2\/pages\/442\/revisions"}],"wp:attachment":[{"href":"https:\/\/racoesfutura.com.br\/es\/wp-json\/wp\/v2\/media?parent=442"}],"curies":[{"name":"wp","href":"https:\/\/api.w.org\/{rel}","templated":true}]}}