{"id":576,"date":"2025-07-24T11:26:30","date_gmt":"2025-07-24T11:26:30","guid":{"rendered":"https:\/\/rf.binaryweb.app\/?page_id=576"},"modified":"2025-07-24T13:20:42","modified_gmt":"2025-07-24T13:20:42","slug":"politica-de-privacidade","status":"publish","type":"page","link":"https:\/\/racoesfutura.com.br\/en\/politica-de-privacidade\/","title":{"rendered":"POL\u00cdTICA DE PRIVACIDADE"},"content":{"rendered":"<div data-elementor-type=\"wp-page\" data-elementor-id=\"576\" class=\"elementor elementor-576\">\n\t\t\t\t<div class=\"elementor-element elementor-element-61659a9 e-flex e-con-boxed e-con e-parent\" data-id=\"61659a9\" data-element_type=\"container\">\n\t\t\t\t\t<div class=\"e-con-inner\">\n\t\t\t\t<div class=\"elementor-element elementor-element-3fe724c elementor-widget elementor-widget-heading\" data-id=\"3fe724c\" data-element_type=\"widget\" data-widget_type=\"heading.default\">\n\t\t\t\t\t<h2 class=\"elementor-heading-title elementor-size-default\">FUTURA RATIONS GROUP PRIVACY POLICY\n<\/h2>\t\t\t\t<\/div>\n\t\t\t\t\t<\/div>\n\t\t\t\t<\/div>\n\t\t<div class=\"elementor-element elementor-element-e62d72d e-flex e-con-boxed e-con e-parent\" data-id=\"e62d72d\" data-element_type=\"container\">\n\t\t\t\t\t<div class=\"e-con-inner\">\n\t\t\t\t<div class=\"elementor-element elementor-element-72e0a7c elementor-widget elementor-widget-html\" data-id=\"72e0a7c\" data-element_type=\"widget\" data-widget_type=\"html.default\">\n\t\t\t\t\t<style>\n    h1, h2, h3, h4, h5, h6 {\n  color: #5C5C5C !important;\n  font-weight: 900 !important;\n}\n    \n<\/style>\t\t\t\t<\/div>\n\t\t\t\t<div class=\"elementor-element elementor-element-a39a6ab elementor-widget elementor-widget-text-editor\" data-id=\"a39a6ab\" data-element_type=\"widget\" data-widget_type=\"text-editor.default\">\n\t\t\t\t\t\t\t\t\t<p class=\"para-text\">The Futura Foods Group respects your privacy and personal data.<\/p><p>We have published this Privacy Policy to inform you how and why we collect your personal data, what it is, and to explain your rights regarding the processing that Grupo Ra\u00e7\u00f5es Futura provides to this information.<\/p><h4>WHAT TYPE OF PERSONAL DATA DO WE COLLECT?<\/h4><p class=\"para-text\">As a rule, we collect your registration data: name, email, telephone number, address, date of birth, CPF and cookies, on our website (as per our Cookie Notice).<\/p><p>If you are our employee, we also collect data that allows the execution of the employment contract (such as bank details for payment) and other data required by law, such as the admission medical examination.<\/p><h4>WHAT ARE THE LEGAL BASES USED<\/h4><div class=\"para-text\"><p>The processing of your personal data may be carried out by the Ra\u00e7\u00f5es Futura Group if one of the following hypotheses applies:<\/p><ol class=\"para-text\"><li>1. If you consent, freely, in an informed and unequivocal manner;<\/li><li>2. When it is necessary for the fulfillment of a contract or a pre-contractual obligation;<\/li><li>3. When necessary for the exercise of a right by the Ra\u00e7\u00f5es Futura Group, in judicial, administrative or arbitration proceedings;<\/li><li>4. When necessary for the Ra\u00e7\u00f5es Futura Group to comply with a legal or regulatory obligation;<\/li><li>5. When necessary for the Ra\u00e7\u00f5es Futura Group to pursue its legitimate interests;<\/li><\/ol><\/div><h4>FOR WHAT PURPOSES DOES THE RA\u00c7\u00d5ES FUTURA GROUP PROCESS YOUR DATA?<\/h4><div class=\"para-text\"><p>Your personal data may be processed for the following purposes:<\/p><ol class=\"para-text\"><li>1. Enable the provision of services for which the Ra\u00e7\u00f5es Futura Group was contracted;<\/li><li>2. Identify and offer relevant content about interests expressed by you to Grupo Ra\u00e7\u00f5es Futura, including, without limitation, newsletters, events, invitations, reminders, information, among others;<\/li><li>3. To create a database of candidates for job openings, internships and service provision to Grupo Ra\u00e7\u00f5es Futura;<\/li><li>4. To compose a database of employees, suppliers, commissions and to conclude related contracts;<\/li><li>5. To protect, defend and manage the interests of the Ra\u00e7\u00f5es Futura Group;<\/li><li>6. To comply with applicable legislation;<\/li><li>7. To fulfill any other demand requested by you from Grupo Ra\u00e7\u00f5es Futura.<\/li><\/ol><\/div><h4>HOW LONG DO WE STORE YOUR DATA?<\/h4><p class=\"para-text\">Personal data will be stored for the period necessary to achieve the above purposes, and will be legally required to retain it. After that, it will be deleted or anonymized.<\/p><h4>WHO WE SHARE YOUR DATA WITH<\/h4><p class=\"para-text\">Your personal data may be shared with third parties in Brazil, in order to adequately fulfill the purposes for which it was collected, and also if there is a court order or decision issued by a competent authority to this effect, which determines said sharing.<\/p><p>In all cases, said sharing will be reported unless, by court or regulatory order, Grupo Ra\u00e7\u00f5es Futura is prevented from providing this information to the holder.<\/p><p>The Ra\u00e7\u00f5es Futura Group will only share the personal data necessary to achieve the respective purpose or judicial and regulatory order.<\/p><p>The Futura Foods Group does not sell personal data.<\/p><h4><strong>WHAT ARE YOUR RIGHTS<\/strong><\/h4><div class=\"para-text\"><p>You may exercise certain rights regarding your personal data processed by Grupo Ra\u00e7\u00f5es Futura, upon express request, which are:<\/p><ol class=\"para-text\"><li>1. Withdraw your consent at any time. You may revoke any consent previously granted to the processing of your personal data.<\/li><li>2. Object to the processing of your Data. You may object to the processing of your Data if the processing is in violation of legal requirements or if there is a specific justification that overrides the reasons and purposes of the processing.<\/li><li>3. Access your Data. You have the right to know whether and what data your Data is being processed by Grupo Ra\u00e7\u00f5es Futura.<\/li><li>4. Correct your data. You have the right to verify the accuracy of your personal data and request that it be updated or corrected.<\/li><li>5. Deletion of your data. You may, under certain circumstances, have Napoli delete your personal data.<\/li><li>6. Transfer your personal data to another controller. You have the right to receive your personal data in a structured format and have it transmitted to another controller.<\/li><li>7. File a complaint. You can file a complaint with the National Data Protection Authority.<\/li><li>8. Be informed if your data has been shared with any other controlling agent, which must be identified.<\/li><\/ol><p>To exercise these rights, please contact our data controller by email\u00a0<a href=\"mailto:encarregadodedados@racoesfutura.com.br\">encarregadodedados@racoesfutura.com.br<\/a><\/p><\/div><h4>HOW DO WE GUARANTEE THE SECURITY OF YOUR DATA?<\/h4><p class=\"para-text\">To protect your data, Grupo Ra\u00e7\u00f5es Futura uses technical and organizational information security measures that include, for example, access control (permission trees and passwords), user authentication, use of virtual private network (VPN), antivirus, firewall, backup, penetration testing, system scanning.<\/p><h4>HOW YOU CAN COMMUNICATE WITH US<\/h4><p class=\"para-text\">If you do not agree with this Privacy Policy or would like further clarification about it, have questions about any matter relating to Privacy and Protection of Personal Data or wish to exercise your rights, please contact our data officer by email\u00a0<a href=\"mailto:encarregadodedados@racoesfutura.com.br\">encarregadodedados@racoesfutura.com.br<\/a><\/p><p>Before serving you, we will need to confirm your identity, thus protecting your data from unauthorized access. Once this is done, we will respond to your requests quickly and free of charge.<\/p><h4>CHANGES TO THIS PRIVACY POLICY<\/h4><p class=\"para-text\">All personal data processed by Grupo Ra\u00e7\u00f5es Futura will be in accordance with this Privacy Policy and the purposes mentioned above.<\/p><p>The Ra\u00e7\u00f5es Futura Group reserves the right to change this Privacy Policy in whole or in part at any time, inserting the last update date as indicated below.<\/p><p>Please review this Privacy Policy periodically for any changes.<\/p><p class=\"para-text\">This Policy was published on 07\/07\/2023 and is in its 1st Version.<\/p><p>E-mail:\u00a0<a href=\"mailto:encarregadodedados@racoesfutura.com.br\">encarregadodedados@racoesfutura.com.br<\/a>.<\/p>\t\t\t\t\t\t\t\t<\/div>\n\t\t\t\t\t<\/div>\n\t\t\t\t<\/div>\n\t\t\t\t<\/div>","protected":false},"excerpt":{"rendered":"<p>POL\u00cdTICA DE PRIVACIDADE GRUPO RA\u00c7\u00d5ES FUTURA O Grupo Ra\u00e7\u00f5es Futura respeita a sua privacidade e seus dados pessoais Publicamos esta [&hellip;]<\/p>","protected":false},"author":2,"featured_media":0,"parent":0,"menu_order":0,"comment_status":"closed","ping_status":"closed","template":"","meta":{"_eb_attr":"","site-sidebar-layout":"no-sidebar","site-content-layout":"","ast-site-content-layout":"full-width-container","site-content-style":"default","site-sidebar-style":"default","ast-global-header-display":"","ast-banner-title-visibility":"","ast-main-header-display":"","ast-hfb-above-header-display":"","ast-hfb-below-header-display":"","ast-hfb-mobile-header-display":"","site-post-title":"disabled","ast-breadcrumbs-content":"","ast-featured-img":"disabled","footer-sml-layout":"","theme-transparent-header-meta":"","adv-header-id-meta":"","stick-header-meta":"","header-above-stick-meta":"","header-main-stick-meta":"","header-below-stick-meta":"","astra-migrate-meta-layouts":"default","ast-page-background-enabled":"default","ast-page-background-meta":{"desktop":{"background-color":"var(--ast-global-color-5)","background-image":"","background-repeat":"repeat","background-position":"center center","background-size":"auto","background-attachment":"scroll","background-type":"","background-media":"","overlay-type":"","overlay-color":"","overlay-opacity":"","overlay-gradient":""},"tablet":{"background-color":"","background-image":"","background-repeat":"repeat","background-position":"center center","background-size":"auto","background-attachment":"scroll","background-type":"","background-media":"","overlay-type":"","overlay-color":"","overlay-opacity":"","overlay-gradient":""},"mobile":{"background-color":"","background-image":"","background-repeat":"repeat","background-position":"center center","background-size":"auto","background-attachment":"scroll","background-type":"","background-media":"","overlay-type":"","overlay-color":"","overlay-opacity":"","overlay-gradient":""}},"ast-content-background-meta":{"desktop":{"background-color":"var(--ast-global-color-4)","background-image":"","background-repeat":"repeat","background-position":"center center","background-size":"auto","background-attachment":"scroll","background-type":"","background-media":"","overlay-type":"","overlay-color":"","overlay-opacity":"","overlay-gradient":""},"tablet":{"background-color":"var(--ast-global-color-4)","background-image":"","background-repeat":"repeat","background-position":"center center","background-size":"auto","background-attachment":"scroll","background-type":"","background-media":"","overlay-type":"","overlay-color":"","overlay-opacity":"","overlay-gradient":""},"mobile":{"background-color":"var(--ast-global-color-4)","background-image":"","background-repeat":"repeat","background-position":"center center","background-size":"auto","background-attachment":"scroll","background-type":"","background-media":"","overlay-type":"","overlay-color":"","overlay-opacity":"","overlay-gradient":""}},"footnotes":""},"class_list":["post-576","page","type-page","status-publish","hentry"],"_links":{"self":[{"href":"https:\/\/racoesfutura.com.br\/en\/wp-json\/wp\/v2\/pages\/576","targetHints":{"allow":["GET"]}}],"collection":[{"href":"https:\/\/racoesfutura.com.br\/en\/wp-json\/wp\/v2\/pages"}],"about":[{"href":"https:\/\/racoesfutura.com.br\/en\/wp-json\/wp\/v2\/types\/page"}],"author":[{"embeddable":true,"href":"https:\/\/racoesfutura.com.br\/en\/wp-json\/wp\/v2\/users\/2"}],"replies":[{"embeddable":true,"href":"https:\/\/racoesfutura.com.br\/en\/wp-json\/wp\/v2\/comments?post=576"}],"version-history":[{"count":0,"href":"https:\/\/racoesfutura.com.br\/en\/wp-json\/wp\/v2\/pages\/576\/revisions"}],"wp:attachment":[{"href":"https:\/\/racoesfutura.com.br\/en\/wp-json\/wp\/v2\/media?parent=576"}],"curies":[{"name":"wp","href":"https:\/\/api.w.org\/{rel}","templated":true}]}}