{"id":556,"date":"2025-07-24T11:15:57","date_gmt":"2025-07-24T11:15:57","guid":{"rendered":"https:\/\/rf.binaryweb.app\/?page_id=556"},"modified":"2025-08-07T23:48:31","modified_gmt":"2025-08-07T23:48:31","slug":"proteinados","status":"publish","type":"page","link":"https:\/\/racoesfutura.com.br\/en\/proteinados\/","title":{"rendered":"PROTEIN SUPLEMENT"},"content":{"rendered":"<div data-elementor-type=\"wp-page\" data-elementor-id=\"556\" class=\"elementor elementor-556\">\n\t\t\t\t<div class=\"elementor-element elementor-element-92dcd24 e-con-full e-flex e-con e-parent\" data-id=\"92dcd24\" data-element_type=\"container\" data-settings=\"{&quot;background_background&quot;:&quot;classic&quot;}\">\n\t\t<div class=\"elementor-element elementor-element-6557f98 e-flex e-con-boxed e-con e-child\" data-id=\"6557f98\" data-element_type=\"container\">\n\t\t\t\t\t<div class=\"e-con-inner\">\n\t\t\t\t<div class=\"elementor-element elementor-element-0068efc elementor-widget elementor-widget-heading\" data-id=\"0068efc\" data-element_type=\"widget\" data-widget_type=\"heading.default\">\n\t\t\t\t\t<h2 class=\"elementor-heading-title elementor-size-default\">PROTEIN SUPLEMENT<\/h2>\t\t\t\t<\/div>\n\t\t\t\t<div class=\"elementor-element elementor-element-536d509 elementor-widget elementor-widget-hfe-breadcrumbs-widget\" data-id=\"536d509\" data-element_type=\"widget\" data-widget_type=\"hfe-breadcrumbs-widget.default\">\n\t\t\t\t<div class=\"elementor-widget-container\">\n\t\t\t\t\t<nav aria-label=\"Breadcrumb\"><ul class=\"hfe-breadcrumbs hfe-breadcrumbs-show-home\"><li class=\"hfe-breadcrumbs-item hfe-breadcrumbs-first\"><span class=\"hfe-breadcrumbs-home-icon\"><\/span><a href=\"https:\/\/racoesfutura.com.br\/en\"><span class=\"hfe-breadcrumbs-text\">START<\/span><\/a><\/li><\/ul><\/nav>\t\t\t\t<\/div>\n\t\t\t\t<\/div>\n\t\t\t\t\t<\/div>\n\t\t\t\t<\/div>\n\t\t\t\t<\/div>\n\t\t<div class=\"elementor-element elementor-element-4bb26f1 e-flex e-con-boxed e-con e-parent\" data-id=\"4bb26f1\" data-element_type=\"container\">\n\t\t\t\t\t<div class=\"e-con-inner\">\n\t\t<div class=\"elementor-element elementor-element-ef5b880 e-con-full e-flex e-con e-child\" data-id=\"ef5b880\" data-element_type=\"container\">\n\t\t\t\t<div class=\"elementor-element elementor-element-ed92ffa elementor-widget elementor-widget-image\" data-id=\"ed92ffa\" data-element_type=\"widget\" data-widget_type=\"image.default\">\n\t\t\t\t\t\t\t\t\t\t\t\t\t\t\t<img fetchpriority=\"high\" decoding=\"async\" width=\"1024\" height=\"644\" src=\"https:\/\/racoesfutura.com.br\/wp-content\/uploads\/2025\/07\/ftphos1-1024x644.jpg\" class=\"attachment-large size-large wp-image-486\" alt=\"\" srcset=\"https:\/\/racoesfutura.com.br\/wp-content\/uploads\/2025\/07\/ftphos1-1024x644.jpg 1024w, https:\/\/racoesfutura.com.br\/wp-content\/uploads\/2025\/07\/ftphos1-300x189.jpg 300w, https:\/\/racoesfutura.com.br\/wp-content\/uploads\/2025\/07\/ftphos1-768x483.jpg 768w, https:\/\/racoesfutura.com.br\/wp-content\/uploads\/2025\/07\/ftphos1-1536x965.jpg 1536w, https:\/\/racoesfutura.com.br\/wp-content\/uploads\/2025\/07\/ftphos1.jpg 1871w\" sizes=\"(max-width: 1024px) 100vw, 1024px\" \/>\t\t\t\t\t\t\t\t\t\t\t\t\t\t\t<\/div>\n\t\t\t\t<\/div>\n\t\t<div class=\"elementor-element elementor-element-7507dbb e-con-full e-flex e-con e-child\" data-id=\"7507dbb\" data-element_type=\"container\">\n\t\t\t\t<div class=\"elementor-element elementor-element-6d22cbc elementor-widget elementor-widget-heading\" data-id=\"6d22cbc\" data-element_type=\"widget\" data-widget_type=\"heading.default\">\n\t\t\t\t\t<h2 class=\"elementor-heading-title elementor-size-default\">PROTEIN LINE<\/h2>\t\t\t\t<\/div>\n\t\t\t\t<div class=\"elementor-element elementor-element-4c12f81 elementor-widget elementor-widget-text-editor\" data-id=\"4c12f81\" data-element_type=\"widget\" data-widget_type=\"text-editor.default\">\n\t\t\t\t\t\t\t\t\tA DIVERSIFIED LINE TO BRING RESULTS-DRIVEN NUTRITION TO DIFFERENT TIMES OF THE YEAR.\t\t\t\t\t\t\t\t<\/div>\n\t\t\t\t<div class=\"elementor-element elementor-element-fc17496 elementor-widget elementor-widget-heading\" data-id=\"fc17496\" data-element_type=\"widget\" data-widget_type=\"heading.default\">\n\t\t\t\t\t<h2 class=\"elementor-heading-title elementor-size-default\">Nutri-Rain<\/h2>\t\t\t\t<\/div>\n\t\t\t\t<div class=\"elementor-element elementor-element-377162c elementor-widget elementor-widget-text-editor\" data-id=\"377162c\" data-element_type=\"widget\" data-widget_type=\"text-editor.default\">\n\t\t\t\t\t\t\t\t\tProtein supplement with 18% protein and energy to be supplied during the rainy season for those seeking better results than pasture alone. Contains 3.9% finely ground urea to prevent particle separation. Consumption: 75 g per 100 kg of live weight.\t\t\t\t\t\t\t\t<\/div>\n\t\t\t\t<div class=\"elementor-element elementor-element-93592d8 elementor-widget elementor-widget-heading\" data-id=\"93592d8\" data-element_type=\"widget\" data-widget_type=\"heading.default\">\n\t\t\t\t\t<h2 class=\"elementor-heading-title elementor-size-default\">Multi-Protein 22<\/h2>\t\t\t\t<\/div>\n\t\t\t\t<div class=\"elementor-element elementor-element-834713a elementor-widget elementor-widget-text-editor\" data-id=\"834713a\" data-element_type=\"widget\" data-widget_type=\"text-editor.default\">\n\t\t\t\t\t\t\t\t\tProtein supplement with 22% protein and energy to be supplied during the transition period\u2014when the rainy season is ending but the dry season hasn\u2019t started yet. Contains 5.0% urea. Consumption: 100 to 150 g per 100 kg of live weight.\t\t\t\t\t\t\t\t<\/div>\n\t\t\t\t<\/div>\n\t\t\t\t\t<\/div>\n\t\t\t\t<\/div>\n\t\t<div class=\"elementor-element elementor-element-b0669ac e-flex e-con-boxed e-con e-parent\" data-id=\"b0669ac\" data-element_type=\"container\">\n\t\t\t\t\t<div class=\"e-con-inner\">\n\t\t<div class=\"elementor-element elementor-element-e61ec21 e-con-full e-flex e-con e-child\" data-id=\"e61ec21\" data-element_type=\"container\">\n\t\t\t\t<div class=\"elementor-element elementor-element-f578e85 elementor-widget elementor-widget-heading\" data-id=\"f578e85\" data-element_type=\"widget\" data-widget_type=\"heading.default\">\n\t\t\t\t\t<h2 class=\"elementor-heading-title elementor-size-default\">Protein Dry 30<\/h2>\t\t\t\t<\/div>\n\t\t\t\t<div class=\"elementor-element elementor-element-8d1a708 elementor-widget elementor-widget-text-editor\" data-id=\"8d1a708\" data-element_type=\"widget\" data-widget_type=\"text-editor.default\">\n\t\t\t\t\t\t\t\t\tProtein supplement with 30% protein and energy to be supplied when pastures begin to lose quality. Contains 9% urea. Consumption: 100 g per 100 kg of live weight.\t\t\t\t\t\t\t\t<\/div>\n\t\t\t\t<\/div>\n\t\t<div class=\"elementor-element elementor-element-2dbec5a e-con-full e-flex e-con e-child\" data-id=\"2dbec5a\" data-element_type=\"container\">\n\t\t\t\t<div class=\"elementor-element elementor-element-f1e7365 elementor-widget elementor-widget-heading\" data-id=\"f1e7365\" data-element_type=\"widget\" data-widget_type=\"heading.default\">\n\t\t\t\t\t<h2 class=\"elementor-heading-title elementor-size-default\">Protein Dry 40<\/h2>\t\t\t\t<\/div>\n\t\t\t\t<div class=\"elementor-element elementor-element-e433de7 elementor-widget elementor-widget-text-editor\" data-id=\"e433de7\" data-element_type=\"widget\" data-widget_type=\"text-editor.default\">\n\t\t\t\t\t\t\t\t\tProtein supplement with 40% protein and energy, enriched with macro and micro minerals, to be fed during the drier months. Important: pastures should NOT be grazed closely as it contains 11% urea. Consumption: 100 g per 100 kg of live weight.\t\t\t\t\t\t\t\t<\/div>\n\t\t\t\t<\/div>\n\t\t\t\t\t<\/div>\n\t\t\t\t<\/div>\n\t\t<div class=\"elementor-element elementor-element-c9f6efe e-flex e-con-boxed e-con e-parent\" data-id=\"c9f6efe\" data-element_type=\"container\">\n\t\t\t\t\t<div class=\"e-con-inner\">\n\t\t<div class=\"elementor-element elementor-element-ce79fc7 e-con-full e-flex e-con e-child\" data-id=\"ce79fc7\" data-element_type=\"container\">\n\t\t\t\t<div class=\"elementor-element elementor-element-8852e71 elementor-widget elementor-widget-heading\" data-id=\"8852e71\" data-element_type=\"widget\" data-widget_type=\"heading.default\">\n\t\t\t\t\t<h2 class=\"elementor-heading-title elementor-size-default\">Protein Arroba<\/h2>\t\t\t\t<\/div>\n\t\t\t\t<div class=\"elementor-element elementor-element-8a357d9 elementor-widget elementor-widget-text-editor\" data-id=\"8a357d9\" data-element_type=\"widget\" data-widget_type=\"text-editor.default\">\n\t\t\t\t\t\t\t\t\tEnergy-rich protein supplement with 20% protein. Suitable for rainy or dry seasons when better daily weight gain is desired. Recommended for heifers and cows. Consumption: 150 g per 100 kg of live weight.\t\t\t\t\t\t\t\t<\/div>\n\t\t\t\t<\/div>\n\t\t<div class=\"elementor-element elementor-element-0ae772d e-con-full e-flex e-con e-child\" data-id=\"0ae772d\" data-element_type=\"container\">\n\t\t\t\t<div class=\"elementor-element elementor-element-4998162 elementor-widget elementor-widget-heading\" data-id=\"4998162\" data-element_type=\"widget\" data-widget_type=\"heading.default\">\n\t\t\t\t\t<h2 class=\"elementor-heading-title elementor-size-default\">Proteinated Ac + Energy<\/h2>\t\t\t\t<\/div>\n\t\t\t\t<div class=\"elementor-element elementor-element-6e0b905 elementor-widget elementor-widget-text-editor\" data-id=\"6e0b905\" data-element_type=\"widget\" data-widget_type=\"text-editor.default\">\n\t\t\t\t\t\t\t\t\tHigh-energy protein supplement with 20% protein. Ideal for superior weight gain on good pastures or when forage availability is low. Consumption: 300 to 500 g per 100 kg of live weight.\t\t\t\t\t\t\t\t<\/div>\n\t\t\t\t<\/div>\n\t\t\t\t\t<\/div>\n\t\t\t\t<\/div>\n\t\t<div class=\"elementor-element elementor-element-f3d0a8b e-flex e-con-boxed e-con e-parent\" data-id=\"f3d0a8b\" data-element_type=\"container\">\n\t\t\t\t\t<div class=\"e-con-inner\">\n\t\t<div class=\"elementor-element elementor-element-9bab448 e-con-full e-flex e-con e-child\" data-id=\"9bab448\" data-element_type=\"container\">\n\t\t\t\t<div class=\"elementor-element elementor-element-95e29ff elementor-widget elementor-widget-heading\" data-id=\"95e29ff\" data-element_type=\"widget\" data-widget_type=\"heading.default\">\n\t\t\t\t\t<h2 class=\"elementor-heading-title elementor-size-default\">Turbo Energy Protein<\/h2>\t\t\t\t<\/div>\n\t\t\t\t<div class=\"elementor-element elementor-element-bf6a6d6 elementor-widget elementor-widget-text-editor\" data-id=\"bf6a6d6\" data-element_type=\"widget\" data-widget_type=\"text-editor.default\">\n\t\t\t\t\t\t\t\t\tEnergy-rich protein supplement with 20% protein and very high energy content. Supports weight gain comparable to grain feed on good-quality pastures or in dairy cows. Increases pasture stocking rates. Also suitable for dry periods or creep feeding. Consumption: 600 to 800 g per 100 kg of live weight (0.6 to 0.8% of live weight).\t\t\t\t\t\t\t\t<\/div>\n\t\t\t\t<\/div>\n\t\t\t\t\t<\/div>\n\t\t\t\t<\/div>\n\t\t<div class=\"elementor-element elementor-element-7e45d67 e-flex e-con-boxed e-con e-parent\" data-id=\"7e45d67\" data-element_type=\"container\">\n\t\t\t\t\t<div class=\"e-con-inner\">\n\t\t<div class=\"elementor-element elementor-element-c909cb2 e-con-full e-flex e-con e-child\" data-id=\"c909cb2\" data-element_type=\"container\">\n\t\t\t\t<div class=\"elementor-element elementor-element-dbf832d elementor-widget elementor-widget-heading\" data-id=\"dbf832d\" data-element_type=\"widget\" data-widget_type=\"heading.default\">\n\t\t\t\t\t<h2 class=\"elementor-heading-title elementor-size-default\">SHEEP LINE<\/h2>\t\t\t\t<\/div>\n\t\t\t\t<div class=\"elementor-element elementor-element-ee96bcf elementor-widget elementor-widget-text-editor\" data-id=\"ee96bcf\" data-element_type=\"widget\" data-widget_type=\"text-editor.default\">\n\t\t\t\t\t\t\t\t\tSPECIAL COPPER-FREE PRODUCTS\t\t\t\t\t\t\t\t<\/div>\n\t\t\t\t<\/div>\n\t\t\t\t\t<\/div>\n\t\t\t\t<\/div>\n\t\t<div class=\"elementor-element elementor-element-81600a7 e-flex e-con-boxed e-con e-parent\" data-id=\"81600a7\" data-element_type=\"container\">\n\t\t\t\t\t<div class=\"e-con-inner\">\n\t\t<div class=\"elementor-element elementor-element-821b53c e-con-full e-flex e-con e-child\" data-id=\"821b53c\" data-element_type=\"container\">\n\t\t\t\t<div class=\"elementor-element elementor-element-2f1bc05 elementor-widget elementor-widget-heading\" data-id=\"2f1bc05\" data-element_type=\"widget\" data-widget_type=\"heading.default\">\n\t\t\t\t\t<h2 class=\"elementor-heading-title elementor-size-default\">Baby Beef Sheep<\/h2>\t\t\t\t<\/div>\n\t\t\t\t<div class=\"elementor-element elementor-element-54d1a5f elementor-widget elementor-widget-text-editor\" data-id=\"54d1a5f\" data-element_type=\"widget\" data-widget_type=\"text-editor.default\">\n\t\t\t\t\t\t\t\t\tPure grain feedlot ration for sheep.\t\t\t\t\t\t\t\t<\/div>\n\t\t\t\t<\/div>\n\t\t<div class=\"elementor-element elementor-element-2cb542a e-con-full e-flex e-con e-child\" data-id=\"2cb542a\" data-element_type=\"container\">\n\t\t\t\t<div class=\"elementor-element elementor-element-692e102 elementor-widget elementor-widget-heading\" data-id=\"692e102\" data-element_type=\"widget\" data-widget_type=\"heading.default\">\n\t\t\t\t\t<h2 class=\"elementor-heading-title elementor-size-default\">Elite Principle Sheep<\/h2>\t\t\t\t<\/div>\n\t\t\t\t<div class=\"elementor-element elementor-element-c0f9750 elementor-widget elementor-widget-text-editor\" data-id=\"c0f9750\" data-element_type=\"widget\" data-widget_type=\"text-editor.default\">\n\t\t\t\t\t\t\t\t\tStarter feed for young lambs.\t\t\t\t\t\t\t\t<\/div>\n\t\t\t\t<\/div>\n\t\t\t\t\t<\/div>\n\t\t\t\t<\/div>\n\t\t<div class=\"elementor-element elementor-element-77ee293 e-flex e-con-boxed e-con e-parent\" data-id=\"77ee293\" data-element_type=\"container\">\n\t\t\t\t\t<div class=\"e-con-inner\">\n\t\t<div class=\"elementor-element elementor-element-43cfdb2 e-con-full e-flex e-con e-child\" data-id=\"43cfdb2\" data-element_type=\"container\">\n\t\t\t\t<div class=\"elementor-element elementor-element-5cebe05 elementor-widget elementor-widget-heading\" data-id=\"5cebe05\" data-element_type=\"widget\" data-widget_type=\"heading.default\">\n\t\t\t\t\t<h2 class=\"elementor-heading-title elementor-size-default\">FT-Phos Sheep<\/h2>\t\t\t\t<\/div>\n\t\t\t\t<div class=\"elementor-element elementor-element-55809ae elementor-widget elementor-widget-text-editor\" data-id=\"55809ae\" data-element_type=\"widget\" data-widget_type=\"text-editor.default\">\n\t\t\t\t\t\t\t\t\tProtein and mineral supplement. Recommended consumption: 1.5 grams per kg of live weight.\t\t\t\t\t\t\t\t<\/div>\n\t\t\t\t<\/div>\n\t\t<div class=\"elementor-element elementor-element-f7437bf e-con-full e-flex e-con e-child\" data-id=\"f7437bf\" data-element_type=\"container\">\n\t\t\t\t<div class=\"elementor-element elementor-element-283bdb1 elementor-widget elementor-widget-heading\" data-id=\"283bdb1\" data-element_type=\"widget\" data-widget_type=\"heading.default\">\n\t\t\t\t\t<h2 class=\"elementor-heading-title elementor-size-default\">Proteinated AC + Energy for Sheep<\/h2>\t\t\t\t<\/div>\n\t\t\t\t<div class=\"elementor-element elementor-element-65f4cd7 elementor-widget elementor-widget-text-editor\" data-id=\"65f4cd7\" data-element_type=\"widget\" data-widget_type=\"text-editor.default\">\n\t\t\t\t\t\t\t\t\tProtein and mineral supplement with high energy. Recommended consumption: 3 to 5 grams per kg of live weight.\t\t\t\t\t\t\t\t<\/div>\n\t\t\t\t<\/div>\n\t\t\t\t\t<\/div>\n\t\t\t\t<\/div>\n\t\t<div class=\"elementor-element elementor-element-1cdf43c e-flex e-con-boxed e-con e-parent\" data-id=\"1cdf43c\" data-element_type=\"container\">\n\t\t\t\t\t<div class=\"e-con-inner\">\n\t\t<div class=\"elementor-element elementor-element-2e29212 e-con-full e-flex e-con e-child\" data-id=\"2e29212\" data-element_type=\"container\">\n\t\t\t\t<div class=\"elementor-element elementor-element-576292c elementor-widget elementor-widget-heading\" data-id=\"576292c\" data-element_type=\"widget\" data-widget_type=\"heading.default\">\n\t\t\t\t\t<h2 class=\"elementor-heading-title elementor-size-default\">Pronto-Gel Sheep<\/h2>\t\t\t\t<\/div>\n\t\t\t\t<div class=\"elementor-element elementor-element-9a260dc elementor-widget elementor-widget-text-editor\" data-id=\"9a260dc\" data-element_type=\"widget\" data-widget_type=\"text-editor.default\">\n\t\t\t\t\t\t\t\t\tReady-to-eat sheep feed with pure grain technology and gelatinized corn.\t\t\t\t\t\t\t\t<\/div>\n\t\t\t\t<\/div>\n\t\t<div class=\"elementor-element elementor-element-128231b e-con-full e-flex e-con e-child\" data-id=\"128231b\" data-element_type=\"container\">\n\t\t\t\t<div class=\"elementor-element elementor-element-2f8cff4 elementor-widget elementor-widget-heading\" data-id=\"2f8cff4\" data-element_type=\"widget\" data-widget_type=\"heading.default\">\n\t\t\t\t\t<h2 class=\"elementor-heading-title elementor-size-default\">PG 15 Sheep<\/h2>\t\t\t\t<\/div>\n\t\t\t\t<div class=\"elementor-element elementor-element-f63b5f9 elementor-widget elementor-widget-text-editor\" data-id=\"f63b5f9\" data-element_type=\"widget\" data-widget_type=\"text-editor.default\">\n\t\t\t\t\t\t\t\t\tUse at 15% to produce feed with ground corn.\t\t\t\t\t\t\t\t<\/div>\n\t\t\t\t<\/div>\n\t\t\t\t\t<\/div>\n\t\t\t\t<\/div>\n\t\t\t\t<\/div>","protected":false},"excerpt":{"rendered":"<p>PROTEINADOS IN\u00cdCIO LINHA DE PROTEINADOS UMA LINHA DIVERSIFICADA PARA LEVAR NUTRI\u00c7\u00c3O DE RESULTADOS PARA AS DIVERSAS \u00c9POCAS DO ANO. Nutri-\u00c1guas [&hellip;]<\/p>","protected":false},"author":2,"featured_media":0,"parent":0,"menu_order":0,"comment_status":"closed","ping_status":"closed","template":"","meta":{"_eb_attr":"","site-sidebar-layout":"no-sidebar","site-content-layout":"","ast-site-content-layout":"full-width-container","site-content-style":"default","site-sidebar-style":"default","ast-global-header-display":"","ast-banner-title-visibility":"","ast-main-header-display":"","ast-hfb-above-header-display":"","ast-hfb-below-header-display":"","ast-hfb-mobile-header-display":"","site-post-title":"disabled","ast-breadcrumbs-content":"","ast-featured-img":"disabled","footer-sml-layout":"","theme-transparent-header-meta":"","adv-header-id-meta":"","stick-header-meta":"","header-above-stick-meta":"","header-main-stick-meta":"","header-below-stick-meta":"","astra-migrate-meta-layouts":"default","ast-page-background-enabled":"default","ast-page-background-meta":{"desktop":{"background-color":"var(--ast-global-color-5)","background-image":"","background-repeat":"repeat","background-position":"center center","background-size":"auto","background-attachment":"scroll","background-type":"","background-media":"","overlay-type":"","overlay-color":"","overlay-opacity":"","overlay-gradient":""},"tablet":{"background-color":"","background-image":"","background-repeat":"repeat","background-position":"center center","background-size":"auto","background-attachment":"scroll","background-type":"","background-media":"","overlay-type":"","overlay-color":"","overlay-opacity":"","overlay-gradient":""},"mobile":{"background-color":"","background-image":"","background-repeat":"repeat","background-position":"center center","background-size":"auto","background-attachment":"scroll","background-type":"","background-media":"","overlay-type":"","overlay-color":"","overlay-opacity":"","overlay-gradient":""}},"ast-content-background-meta":{"desktop":{"background-color":"var(--ast-global-color-4)","background-image":"","background-repeat":"repeat","background-position":"center center","background-size":"auto","background-attachment":"scroll","background-type":"","background-media":"","overlay-type":"","overlay-color":"","overlay-opacity":"","overlay-gradient":""},"tablet":{"background-color":"var(--ast-global-color-4)","background-image":"","background-repeat":"repeat","background-position":"center center","background-size":"auto","background-attachment":"scroll","background-type":"","background-media":"","overlay-type":"","overlay-color":"","overlay-opacity":"","overlay-gradient":""},"mobile":{"background-color":"var(--ast-global-color-4)","background-image":"","background-repeat":"repeat","background-position":"center center","background-size":"auto","background-attachment":"scroll","background-type":"","background-media":"","overlay-type":"","overlay-color":"","overlay-opacity":"","overlay-gradient":""}},"footnotes":""},"class_list":["post-556","page","type-page","status-publish","hentry"],"_links":{"self":[{"href":"https:\/\/racoesfutura.com.br\/en\/wp-json\/wp\/v2\/pages\/556","targetHints":{"allow":["GET"]}}],"collection":[{"href":"https:\/\/racoesfutura.com.br\/en\/wp-json\/wp\/v2\/pages"}],"about":[{"href":"https:\/\/racoesfutura.com.br\/en\/wp-json\/wp\/v2\/types\/page"}],"author":[{"embeddable":true,"href":"https:\/\/racoesfutura.com.br\/en\/wp-json\/wp\/v2\/users\/2"}],"replies":[{"embeddable":true,"href":"https:\/\/racoesfutura.com.br\/en\/wp-json\/wp\/v2\/comments?post=556"}],"version-history":[{"count":0,"href":"https:\/\/racoesfutura.com.br\/en\/wp-json\/wp\/v2\/pages\/556\/revisions"}],"wp:attachment":[{"href":"https:\/\/racoesfutura.com.br\/en\/wp-json\/wp\/v2\/media?parent=556"}],"curies":[{"name":"wp","href":"https:\/\/api.w.org\/{rel}","templated":true}]}}