{"id":533,"date":"2025-07-24T06:47:48","date_gmt":"2025-07-24T06:47:48","guid":{"rendered":"https:\/\/rf.binaryweb.app\/?page_id=533"},"modified":"2025-08-01T17:37:10","modified_gmt":"2025-08-01T17:37:10","slug":"nucleos","status":"publish","type":"page","link":"https:\/\/racoesfutura.com.br\/en\/nucleos\/","title":{"rendered":"PREMIX"},"content":{"rendered":"<div data-elementor-type=\"wp-page\" data-elementor-id=\"533\" class=\"elementor elementor-533\">\n\t\t\t\t<div class=\"elementor-element elementor-element-92dcd24 e-con-full e-flex e-con e-parent\" data-id=\"92dcd24\" data-element_type=\"container\" data-settings=\"{&quot;background_background&quot;:&quot;classic&quot;}\">\n\t\t<div class=\"elementor-element elementor-element-6557f98 e-flex e-con-boxed e-con e-child\" data-id=\"6557f98\" data-element_type=\"container\">\n\t\t\t\t\t<div class=\"e-con-inner\">\n\t\t\t\t<div class=\"elementor-element elementor-element-0068efc elementor-widget elementor-widget-heading\" data-id=\"0068efc\" data-element_type=\"widget\" data-widget_type=\"heading.default\">\n\t\t\t\t\t<h2 class=\"elementor-heading-title elementor-size-default\">PREMIX<\/h2>\t\t\t\t<\/div>\n\t\t\t\t<div class=\"elementor-element elementor-element-536d509 elementor-widget elementor-widget-hfe-breadcrumbs-widget\" data-id=\"536d509\" data-element_type=\"widget\" data-widget_type=\"hfe-breadcrumbs-widget.default\">\n\t\t\t\t<div class=\"elementor-widget-container\">\n\t\t\t\t\t<nav aria-label=\"Breadcrumb\"><ul class=\"hfe-breadcrumbs hfe-breadcrumbs-show-home\"><li class=\"hfe-breadcrumbs-item hfe-breadcrumbs-first\"><span class=\"hfe-breadcrumbs-home-icon\"><\/span><a href=\"https:\/\/racoesfutura.com.br\/en\"><span class=\"hfe-breadcrumbs-text\">START<\/span><\/a><\/li><\/ul><\/nav>\t\t\t\t<\/div>\n\t\t\t\t<\/div>\n\t\t\t\t\t<\/div>\n\t\t\t\t<\/div>\n\t\t\t\t<\/div>\n\t\t<div class=\"elementor-element elementor-element-4bb26f1 e-flex e-con-boxed e-con e-parent\" data-id=\"4bb26f1\" data-element_type=\"container\">\n\t\t\t\t\t<div class=\"e-con-inner\">\n\t\t<div class=\"elementor-element elementor-element-ef5b880 e-con-full e-flex e-con e-child\" data-id=\"ef5b880\" data-element_type=\"container\">\n\t\t\t\t<div class=\"elementor-element elementor-element-d383a51 elementor-widget elementor-widget-video\" data-id=\"d383a51\" data-element_type=\"widget\" data-settings=\"{&quot;youtube_url&quot;:&quot;https:\\\/\\\/www.youtube.com\\\/watch?v=ANHKyYITCW0&quot;,&quot;video_type&quot;:&quot;youtube&quot;,&quot;controls&quot;:&quot;yes&quot;}\" data-widget_type=\"video.default\">\n\t\t\t\t\t\t\t<div class=\"elementor-wrapper elementor-open-inline\">\n\t\t\t<div class=\"elementor-video\"><\/div>\t\t<\/div>\n\t\t\t\t\t\t<\/div>\n\t\t\t\t<\/div>\n\t\t<div class=\"elementor-element elementor-element-7507dbb e-con-full e-flex e-con e-child\" data-id=\"7507dbb\" data-element_type=\"container\">\n\t\t\t\t<div class=\"elementor-element elementor-element-f469ce1 elementor-widget elementor-widget-heading\" data-id=\"f469ce1\" data-element_type=\"widget\" data-widget_type=\"heading.default\">\n\t\t\t\t\t<h2 class=\"elementor-heading-title elementor-size-default\">Mineral And Vitamin Base Supplement<\/h2>\t\t\t\t<\/div>\n\t\t\t\t<div class=\"elementor-element elementor-element-14f056f elementor-widget elementor-widget-text-editor\" data-id=\"14f056f\" data-element_type=\"widget\" data-widget_type=\"text-editor.default\">\n\t\t\t\t\t\t\t\t\t<p>VARIED TECHNICAL AND ECONOMIC OPTIONS<\/p>\t\t\t\t\t\t\t\t<\/div>\n\t\t\t\t<div class=\"elementor-element elementor-element-6d22cbc elementor-widget elementor-widget-heading\" data-id=\"6d22cbc\" data-element_type=\"widget\" data-widget_type=\"heading.default\">\n\t\t\t\t\t<h2 class=\"elementor-heading-title elementor-size-default\">Nutri-Nucleus<\/h2>\t\t\t\t<\/div>\n\t\t\t\t<div class=\"elementor-element elementor-element-377162c elementor-widget elementor-widget-text-editor\" data-id=\"377162c\" data-element_type=\"widget\" data-widget_type=\"text-editor.default\">\n\t\t\t\t\t\t\t\t\tStandard Mineral Core, 3% to 4% inclusion. Excellent cost-benefit. For low-grain beef cattle diets. For cows with up to 20 liters of milk or growing animals.\t\t\t\t\t\t\t\t<\/div>\n\t\t\t\t<div class=\"elementor-element elementor-element-45e09fd elementor-widget elementor-widget-heading\" data-id=\"45e09fd\" data-element_type=\"widget\" data-widget_type=\"heading.default\">\n\t\t\t\t\t<h2 class=\"elementor-heading-title elementor-size-default\">30 VM Core<\/h2>\t\t\t\t<\/div>\n\t\t\t\t<div class=\"elementor-element elementor-element-3018ab6 elementor-widget elementor-widget-text-editor\" data-id=\"3018ab6\" data-element_type=\"widget\" data-widget_type=\"text-editor.default\">\n\t\t\t\t\t\t\t\t\tMineral Core with vitamins ADE + Biotin + 420 mg Monensin and 525 mg Virginiamycin. 3% to 4% inclusion. For cows with between 20 and 30 liters of milk or beef animals on medium-grain diets.\t\t\t\t\t\t\t\t<\/div>\n\t\t\t\t<\/div>\n\t\t\t\t\t<\/div>\n\t\t\t\t<\/div>\n\t\t<div class=\"elementor-element elementor-element-b0669ac e-flex e-con-boxed e-con e-parent\" data-id=\"b0669ac\" data-element_type=\"container\">\n\t\t\t\t\t<div class=\"e-con-inner\">\n\t\t<div class=\"elementor-element elementor-element-2b7b5be e-con-full e-flex e-con e-child\" data-id=\"2b7b5be\" data-element_type=\"container\">\n\t\t\t\t<div class=\"elementor-element elementor-element-54d1e6d elementor-widget elementor-widget-heading\" data-id=\"54d1e6d\" data-element_type=\"widget\" data-widget_type=\"heading.default\">\n\t\t\t\t\t<h2 class=\"elementor-heading-title elementor-size-default\">Decamix ALM+<\/h2>\t\t\t\t<\/div>\n\t\t\t\t<div class=\"elementor-element elementor-element-1ba660c elementor-widget elementor-widget-text-editor\" data-id=\"1ba660c\" data-element_type=\"widget\" data-widget_type=\"text-editor.default\">\n\t\t\t\t\t\t\t\t\tSpecially formulated for farms with hoof and reproductive problems, or where high concentrate consumption predisposes to them. Contains bicarbonate, which acts synergistically with biotin, yeast, activamix, and Factor LM+ to prevent acidosis and laminitis. Higher doses of toxin adsorbent. Facilitates and minimizes dosing errors as it already contains the necessary urea. Can be used in both total mix wagons and in factories. Recommended inclusion: 8 to 10%. Improves milk protein and fat production and quality.\t\t\t\t\t\t\t\t<\/div>\n\t\t\t\t<\/div>\n\t\t\t\t\t<\/div>\n\t\t\t\t<\/div>\n\t\t<div class=\"elementor-element elementor-element-cdabfc8 e-flex e-con-boxed e-con e-parent\" data-id=\"cdabfc8\" data-element_type=\"container\">\n\t\t\t\t\t<div class=\"e-con-inner\">\n\t\t<div class=\"elementor-element elementor-element-e61ec21 e-con-full e-flex e-con e-child\" data-id=\"e61ec21\" data-element_type=\"container\">\n\t\t\t\t<div class=\"elementor-element elementor-element-f578e85 elementor-widget elementor-widget-heading\" data-id=\"f578e85\" data-element_type=\"widget\" data-widget_type=\"heading.default\">\n\t\t\t\t\t<h2 class=\"elementor-heading-title elementor-size-default\">Nutri-Nucleus VM+<\/h2>\t\t\t\t<\/div>\n\t\t\t\t<div class=\"elementor-element elementor-element-8d1a708 elementor-widget elementor-widget-text-editor\" data-id=\"8d1a708\" data-element_type=\"widget\" data-widget_type=\"text-editor.default\">\n\t\t\t\t\t\t\t\t\t<p>Mineral Core with high levels of vitamins ADE + Biotin + 840 mg<br \/>Monensin and 1,050 mg Virginiamycin. 3% to 4% inclusion.<br \/>For cows over 30 liters of milk or growing animals or<br \/>gains weight by consuming high amounts of concentrate (high grain).<\/p>\t\t\t\t\t\t\t\t<\/div>\n\t\t\t\t<\/div>\n\t\t<div class=\"elementor-element elementor-element-84db183 e-con-full e-flex e-con e-child\" data-id=\"84db183\" data-element_type=\"container\">\n\t\t\t\t<div class=\"elementor-element elementor-element-7cb18d4 elementor-widget elementor-widget-heading\" data-id=\"7cb18d4\" data-element_type=\"widget\" data-widget_type=\"heading.default\">\n\t\t\t\t\t<h2 class=\"elementor-heading-title elementor-size-default\">Pre-Partum Anionic Core<\/h2>\t\t\t\t<\/div>\n\t\t\t\t<div class=\"elementor-element elementor-element-1e58867 elementor-widget elementor-widget-text-editor\" data-id=\"1e58867\" data-element_type=\"widget\" data-widget_type=\"text-editor.default\">\n\t\t\t\t\t\t\t\t\tProduct specially formulated to provide minerals and vitamins in very high doses, biotin, urea, live yeast, lactobacillus and activamix to meet the needs of dairy cows in the last 30 days before calving.\t\t\t\t\t\t\t\t<\/div>\n\t\t\t\t<\/div>\n\t\t\t\t\t<\/div>\n\t\t\t\t<\/div>\n\t\t<div class=\"elementor-element elementor-element-8324dc7 e-flex e-con-boxed e-con e-parent\" data-id=\"8324dc7\" data-element_type=\"container\">\n\t\t\t\t\t<div class=\"e-con-inner\">\n\t\t<div class=\"elementor-element elementor-element-3f09d4e e-con-full e-flex e-con e-child\" data-id=\"3f09d4e\" data-element_type=\"container\">\n\t\t\t\t<div class=\"elementor-element elementor-element-453dbff elementor-widget elementor-widget-heading\" data-id=\"453dbff\" data-element_type=\"widget\" data-widget_type=\"heading.default\">\n\t\t\t\t\t<h2 class=\"elementor-heading-title elementor-size-default\">PG 5 Core - P LM+<\/h2>\t\t\t\t<\/div>\n\t\t\t\t<div class=\"elementor-element elementor-element-0bba42e elementor-widget elementor-widget-text-editor\" data-id=\"0bba42e\" data-element_type=\"widget\" data-widget_type=\"text-editor.default\">\n\t\t\t\t\t\t\t\t\tContains macrominerals, microminerals, vitamins, activamix, and LM+ Factor for use in formulating feeds, concentrates, and energy proteins. This cutting-edge product ensures excellent zootechnical results.\t\t\t\t\t\t\t\t<\/div>\n\t\t\t\t<\/div>\n\t\t<div class=\"elementor-element elementor-element-8a7e3b8 e-con-full e-flex e-con e-child\" data-id=\"8a7e3b8\" data-element_type=\"container\">\n\t\t\t\t<div class=\"elementor-element elementor-element-3640a16 elementor-widget elementor-widget-heading\" data-id=\"3640a16\" data-element_type=\"widget\" data-widget_type=\"heading.default\">\n\t\t\t\t\t<h2 class=\"elementor-heading-title elementor-size-default\">Nutrimaster 50 Corrector<\/h2>\t\t\t\t<\/div>\n\t\t\t\t<div class=\"elementor-element elementor-element-df8a14c elementor-widget elementor-widget-text-editor\" data-id=\"df8a14c\" data-element_type=\"widget\" data-widget_type=\"text-editor.default\">\n\t\t\t\t\t\t\t\t\t50% of protein, high macro and micro mineral load, vitamins, buffers, and rumen stabilizers. It can be used directly in roughage or mixed with corn and sorghum to balance rations. 500 grams to 1 kg of Corrector 50 mixed with silage provides increased production and feed savings.\t\t\t\t\t\t\t\t<\/div>\n\t\t\t\t<\/div>\n\t\t\t\t\t<\/div>\n\t\t\t\t<\/div>\n\t\t<div class=\"elementor-element elementor-element-c9f6efe e-flex e-con-boxed e-con e-parent\" data-id=\"c9f6efe\" data-element_type=\"container\">\n\t\t\t\t\t<div class=\"e-con-inner\">\n\t\t<div class=\"elementor-element elementor-element-ce79fc7 e-con-full e-flex e-con e-child\" data-id=\"ce79fc7\" data-element_type=\"container\">\n\t\t\t\t<div class=\"elementor-element elementor-element-8852e71 elementor-widget elementor-widget-heading\" data-id=\"8852e71\" data-element_type=\"widget\" data-widget_type=\"heading.default\">\n\t\t\t\t\t<h2 class=\"elementor-heading-title elementor-size-default\">PG 5 Prime Core<\/h2>\t\t\t\t<\/div>\n\t\t\t\t<div class=\"elementor-element elementor-element-8a357d9 elementor-widget elementor-widget-text-editor\" data-id=\"8a357d9\" data-element_type=\"widget\" data-widget_type=\"text-editor.default\">\n\t\t\t\t\t\t\t\t\tComplete mineral core with high-dose minerals and vitamins, enriched with Ativamix, ADT 2000, and Factor LM+. For dairy cows up to 15 L\/day and cattle or goats eating 1.0% bw of feed, use 3% of PG 5 Prime. For dairy cows from 20 to 30 L\/day and cattle or goats eating 1.5% bw of feed, use 4% of PG 5 Prime. For dairy cows over 30 L\/day and cattle or goats eating 1.5% to 2.0% bw of feed, use 5% of PG 5 Prime.\t\t\t\t\t\t\t\t<\/div>\n\t\t\t\t<\/div>\n\t\t\t\t\t<\/div>\n\t\t\t\t<\/div>\n\t\t\t\t<\/div>","protected":false},"excerpt":{"rendered":"<p>N\u00daCLEOS IN\u00cdCIO https:\/\/www.youtube.com\/watch?v=ANHKyYITCW0 LINHA DE N\u00daCLEOS VARIADAS OP\u00c7\u00d5ES T\u00c9CNICAS E ECON\u00d4MICAS Nutri-N\u00facleo N\u00facleo Mineral padr\u00e3o, 3% a 4% de inclus\u00e3o. [&hellip;]<\/p>","protected":false},"author":2,"featured_media":0,"parent":0,"menu_order":0,"comment_status":"closed","ping_status":"closed","template":"","meta":{"_eb_attr":"","site-sidebar-layout":"no-sidebar","site-content-layout":"","ast-site-content-layout":"full-width-container","site-content-style":"default","site-sidebar-style":"default","ast-global-header-display":"","ast-banner-title-visibility":"","ast-main-header-display":"","ast-hfb-above-header-display":"","ast-hfb-below-header-display":"","ast-hfb-mobile-header-display":"","site-post-title":"disabled","ast-breadcrumbs-content":"","ast-featured-img":"disabled","footer-sml-layout":"","theme-transparent-header-meta":"","adv-header-id-meta":"","stick-header-meta":"","header-above-stick-meta":"","header-main-stick-meta":"","header-below-stick-meta":"","astra-migrate-meta-layouts":"default","ast-page-background-enabled":"default","ast-page-background-meta":{"desktop":{"background-color":"var(--ast-global-color-5)","background-image":"","background-repeat":"repeat","background-position":"center center","background-size":"auto","background-attachment":"scroll","background-type":"","background-media":"","overlay-type":"","overlay-color":"","overlay-opacity":"","overlay-gradient":""},"tablet":{"background-color":"","background-image":"","background-repeat":"repeat","background-position":"center center","background-size":"auto","background-attachment":"scroll","background-type":"","background-media":"","overlay-type":"","overlay-color":"","overlay-opacity":"","overlay-gradient":""},"mobile":{"background-color":"","background-image":"","background-repeat":"repeat","background-position":"center center","background-size":"auto","background-attachment":"scroll","background-type":"","background-media":"","overlay-type":"","overlay-color":"","overlay-opacity":"","overlay-gradient":""}},"ast-content-background-meta":{"desktop":{"background-color":"var(--ast-global-color-4)","background-image":"","background-repeat":"repeat","background-position":"center center","background-size":"auto","background-attachment":"scroll","background-type":"","background-media":"","overlay-type":"","overlay-color":"","overlay-opacity":"","overlay-gradient":""},"tablet":{"background-color":"var(--ast-global-color-4)","background-image":"","background-repeat":"repeat","background-position":"center center","background-size":"auto","background-attachment":"scroll","background-type":"","background-media":"","overlay-type":"","overlay-color":"","overlay-opacity":"","overlay-gradient":""},"mobile":{"background-color":"var(--ast-global-color-4)","background-image":"","background-repeat":"repeat","background-position":"center center","background-size":"auto","background-attachment":"scroll","background-type":"","background-media":"","overlay-type":"","overlay-color":"","overlay-opacity":"","overlay-gradient":""}},"footnotes":""},"class_list":["post-533","page","type-page","status-publish","hentry"],"_links":{"self":[{"href":"https:\/\/racoesfutura.com.br\/en\/wp-json\/wp\/v2\/pages\/533","targetHints":{"allow":["GET"]}}],"collection":[{"href":"https:\/\/racoesfutura.com.br\/en\/wp-json\/wp\/v2\/pages"}],"about":[{"href":"https:\/\/racoesfutura.com.br\/en\/wp-json\/wp\/v2\/types\/page"}],"author":[{"embeddable":true,"href":"https:\/\/racoesfutura.com.br\/en\/wp-json\/wp\/v2\/users\/2"}],"replies":[{"embeddable":true,"href":"https:\/\/racoesfutura.com.br\/en\/wp-json\/wp\/v2\/comments?post=533"}],"version-history":[{"count":0,"href":"https:\/\/racoesfutura.com.br\/en\/wp-json\/wp\/v2\/pages\/533\/revisions"}],"wp:attachment":[{"href":"https:\/\/racoesfutura.com.br\/en\/wp-json\/wp\/v2\/media?parent=533"}],"curies":[{"name":"wp","href":"https:\/\/api.w.org\/{rel}","templated":true}]}}