{"id":385,"date":"2025-07-24T03:41:34","date_gmt":"2025-07-24T03:41:34","guid":{"rendered":"https:\/\/rf.binaryweb.app\/?page_id=385"},"modified":"2025-07-24T06:46:28","modified_gmt":"2025-07-24T06:46:28","slug":"institucional","status":"publish","type":"page","link":"https:\/\/racoesfutura.com.br\/en\/institucional\/","title":{"rendered":"Institutional"},"content":{"rendered":"<div data-elementor-type=\"wp-page\" data-elementor-id=\"385\" class=\"elementor elementor-385\">\n\t\t\t\t<div class=\"elementor-element elementor-element-92dcd24 e-con-full e-flex e-con e-parent\" data-id=\"92dcd24\" data-element_type=\"container\" data-settings=\"{&quot;background_background&quot;:&quot;classic&quot;}\">\n\t\t<div class=\"elementor-element elementor-element-6557f98 e-flex e-con-boxed e-con e-child\" data-id=\"6557f98\" data-element_type=\"container\">\n\t\t\t\t\t<div class=\"e-con-inner\">\n\t\t\t\t<div class=\"elementor-element elementor-element-0068efc elementor-widget elementor-widget-heading\" data-id=\"0068efc\" data-element_type=\"widget\" data-widget_type=\"heading.default\">\n\t\t\t\t\t<h2 class=\"elementor-heading-title elementor-size-default\">Futura Group\n<\/h2>\t\t\t\t<\/div>\n\t\t\t\t<div class=\"elementor-element elementor-element-536d509 elementor-widget elementor-widget-hfe-breadcrumbs-widget\" data-id=\"536d509\" data-element_type=\"widget\" data-widget_type=\"hfe-breadcrumbs-widget.default\">\n\t\t\t\t<div class=\"elementor-widget-container\">\n\t\t\t\t\t<nav aria-label=\"Breadcrumb\"><ul class=\"hfe-breadcrumbs hfe-breadcrumbs-show-home\"><li class=\"hfe-breadcrumbs-item hfe-breadcrumbs-first\"><span class=\"hfe-breadcrumbs-home-icon\"><\/span><a href=\"https:\/\/racoesfutura.com.br\/en\"><span class=\"hfe-breadcrumbs-text\">START<\/span><\/a><\/li><\/ul><\/nav>\t\t\t\t<\/div>\n\t\t\t\t<\/div>\n\t\t\t\t\t<\/div>\n\t\t\t\t<\/div>\n\t\t\t\t<\/div>\n\t\t<div class=\"elementor-element elementor-element-4bb26f1 e-flex e-con-boxed e-con e-parent\" data-id=\"4bb26f1\" data-element_type=\"container\">\n\t\t\t\t\t<div class=\"e-con-inner\">\n\t\t<div class=\"elementor-element elementor-element-ef5b880 e-con-full e-flex e-con e-child\" data-id=\"ef5b880\" data-element_type=\"container\">\n\t\t\t\t<div class=\"elementor-element elementor-element-d383a51 elementor-widget elementor-widget-video\" data-id=\"d383a51\" data-element_type=\"widget\" data-settings=\"{&quot;youtube_url&quot;:&quot;https:\\\/\\\/www.youtube.com\\\/watch?v=lqa8fi-Z8w8&quot;,&quot;video_type&quot;:&quot;youtube&quot;,&quot;controls&quot;:&quot;yes&quot;}\" data-widget_type=\"video.default\">\n\t\t\t\t\t\t\t<div class=\"elementor-wrapper elementor-open-inline\">\n\t\t\t<div class=\"elementor-video\"><\/div>\t\t<\/div>\n\t\t\t\t\t\t<\/div>\n\t\t\t\t<\/div>\n\t\t<div class=\"elementor-element elementor-element-7507dbb e-con-full e-flex e-con e-child\" data-id=\"7507dbb\" data-element_type=\"container\">\n\t\t\t\t<div class=\"elementor-element elementor-element-5f5f64c elementor-widget elementor-widget-text-editor\" data-id=\"5f5f64c\" data-element_type=\"widget\" data-widget_type=\"text-editor.default\">\n\t\t\t\t\t\t\t\t\tA little bit of ours\t\t\t\t\t\t\t\t<\/div>\n\t\t\t\t<div class=\"elementor-element elementor-element-6d22cbc elementor-widget elementor-widget-heading\" data-id=\"6d22cbc\" data-element_type=\"widget\" data-widget_type=\"heading.default\">\n\t\t\t\t\t<h2 class=\"elementor-heading-title elementor-size-default\">History<\/h2>\t\t\t\t<\/div>\n\t\t\t\t<div class=\"elementor-element elementor-element-377162c elementor-widget elementor-widget-text-editor\" data-id=\"377162c\" data-element_type=\"widget\" data-widget_type=\"text-editor.default\">\n\t\t\t\t\t\t\t\t\t<p>Founded in 2003, Futura began under the leadership of President Isnei Faria, who brought on veterinarian Dr. Paulo C\u00e9sar Rocha Ara\u00fajo as the company\u2019s nutritionist and consultant. Born from a vision of innovation, Futura set out to revolutionize livestock farming in Minas Gerais, throughout Brazil, and abroad.<\/p><p>Ra\u00e7\u00f5es Futura produces a wide range of products, including feed, concentrates, nutritional supplements, minerals, additives, and premixes. Today, we serve customers throughout Brazil and abroad with a diverse and high-quality product line.<\/p><p>We use only the finest raw materials, carefully selected and analyzed to ensure top performance in every product.<br \/>Our Technical Department uses advanced ration formulation and balancing programs to meet the specific needs of each herd.<\/p><p>Futura actively supports farmers through a wide range of educational initiatives \u2014 from lectures and field days to symposiums and training programs \u2014 always working to share knowledge and strengthen the livestock sector.<\/p>\t\t\t\t\t\t\t\t<\/div>\n\t\t\t\t<\/div>\n\t\t\t\t\t<\/div>\n\t\t\t\t<\/div>\n\t\t<div class=\"elementor-element elementor-element-9327ac8 e-flex e-con-boxed e-con e-parent\" data-id=\"9327ac8\" data-element_type=\"container\" data-settings=\"{&quot;background_background&quot;:&quot;classic&quot;}\">\n\t\t\t\t\t<div class=\"e-con-inner\">\n\t\t\t\t\t<\/div>\n\t\t\t\t<\/div>\n\t\t<div class=\"elementor-element elementor-element-b0669ac e-flex e-con-boxed e-con e-parent\" data-id=\"b0669ac\" data-element_type=\"container\">\n\t\t\t\t\t<div class=\"e-con-inner\">\n\t\t<div class=\"elementor-element elementor-element-e61ec21 e-con-full e-flex e-con e-child\" data-id=\"e61ec21\" data-element_type=\"container\">\n\t\t\t\t<div class=\"elementor-element elementor-element-3810017 elementor-widget elementor-widget-text-editor\" data-id=\"3810017\" data-element_type=\"widget\" data-widget_type=\"text-editor.default\">\n\t\t\t\t\t\t\t\t\tFor a better tomorrow.\t\t\t\t\t\t\t\t<\/div>\n\t\t\t\t<div class=\"elementor-element elementor-element-f578e85 elementor-widget elementor-widget-heading\" data-id=\"f578e85\" data-element_type=\"widget\" data-widget_type=\"heading.default\">\n\t\t\t\t\t<h2 class=\"elementor-heading-title elementor-size-default\">Social Responsibility<\/h2>\t\t\t\t<\/div>\n\t\t\t\t<div class=\"elementor-element elementor-element-8d1a708 elementor-widget elementor-widget-text-editor\" data-id=\"8d1a708\" data-element_type=\"widget\" data-widget_type=\"text-editor.default\">\n\t\t\t\t\t\t\t\t\t<p>Ra\u00e7\u00f5es Futura is a company committed to principles that constantly strive for the highest standards of ethical behavior. It is also committed to maintaining a relationship with its customers based on trust, transparency, integrity, and respect.<\/p>\t\t\t\t\t\t\t\t<\/div>\n\t\t\t\t<\/div>\n\t\t<div class=\"elementor-element elementor-element-8d3ee81 e-con-full e-flex e-con e-child\" data-id=\"8d3ee81\" data-element_type=\"container\">\n\t\t\t\t<div class=\"elementor-element elementor-element-66078eb elementor-widget elementor-widget-video\" data-id=\"66078eb\" data-element_type=\"widget\" data-settings=\"{&quot;youtube_url&quot;:&quot;https:\\\/\\\/www.youtube.com\\\/watch?v=mHFdAgjgZHA&quot;,&quot;video_type&quot;:&quot;youtube&quot;,&quot;controls&quot;:&quot;yes&quot;}\" data-widget_type=\"video.default\">\n\t\t\t\t\t\t\t<div class=\"elementor-wrapper elementor-open-inline\">\n\t\t\t<div class=\"elementor-video\"><\/div>\t\t<\/div>\n\t\t\t\t\t\t<\/div>\n\t\t\t\t<\/div>\n\t\t\t\t\t<\/div>\n\t\t\t\t<\/div>\n\t\t\t\t<\/div>","protected":false},"excerpt":{"rendered":"<p>Grupo Ra\u00e7\u00f5es Futura IN\u00cdCIO https:\/\/www.youtube.com\/watch?v=lqa8fi-Z8w8Um pouco da nossa Hist\u00f3ria Em 2003 iniciavase a Ra\u00e7\u00f5es Futura, tendo como Presidente Isnei Faria, [&hellip;]<\/p>","protected":false},"author":2,"featured_media":0,"parent":0,"menu_order":0,"comment_status":"closed","ping_status":"closed","template":"","meta":{"_eb_attr":"","site-sidebar-layout":"no-sidebar","site-content-layout":"","ast-site-content-layout":"full-width-container","site-content-style":"default","site-sidebar-style":"default","ast-global-header-display":"","ast-banner-title-visibility":"","ast-main-header-display":"","ast-hfb-above-header-display":"","ast-hfb-below-header-display":"","ast-hfb-mobile-header-display":"","site-post-title":"disabled","ast-breadcrumbs-content":"","ast-featured-img":"disabled","footer-sml-layout":"","theme-transparent-header-meta":"","adv-header-id-meta":"","stick-header-meta":"","header-above-stick-meta":"","header-main-stick-meta":"","header-below-stick-meta":"","astra-migrate-meta-layouts":"default","ast-page-background-enabled":"default","ast-page-background-meta":{"desktop":{"background-color":"var(--ast-global-color-5)","background-image":"","background-repeat":"repeat","background-position":"center center","background-size":"auto","background-attachment":"scroll","background-type":"","background-media":"","overlay-type":"","overlay-color":"","overlay-opacity":"","overlay-gradient":""},"tablet":{"background-color":"","background-image":"","background-repeat":"repeat","background-position":"center center","background-size":"auto","background-attachment":"scroll","background-type":"","background-media":"","overlay-type":"","overlay-color":"","overlay-opacity":"","overlay-gradient":""},"mobile":{"background-color":"","background-image":"","background-repeat":"repeat","background-position":"center center","background-size":"auto","background-attachment":"scroll","background-type":"","background-media":"","overlay-type":"","overlay-color":"","overlay-opacity":"","overlay-gradient":""}},"ast-content-background-meta":{"desktop":{"background-color":"var(--ast-global-color-4)","background-image":"","background-repeat":"repeat","background-position":"center center","background-size":"auto","background-attachment":"scroll","background-type":"","background-media":"","overlay-type":"","overlay-color":"","overlay-opacity":"","overlay-gradient":""},"tablet":{"background-color":"var(--ast-global-color-4)","background-image":"","background-repeat":"repeat","background-position":"center center","background-size":"auto","background-attachment":"scroll","background-type":"","background-media":"","overlay-type":"","overlay-color":"","overlay-opacity":"","overlay-gradient":""},"mobile":{"background-color":"var(--ast-global-color-4)","background-image":"","background-repeat":"repeat","background-position":"center center","background-size":"auto","background-attachment":"scroll","background-type":"","background-media":"","overlay-type":"","overlay-color":"","overlay-opacity":"","overlay-gradient":""}},"footnotes":""},"class_list":["post-385","page","type-page","status-publish","hentry"],"_links":{"self":[{"href":"https:\/\/racoesfutura.com.br\/en\/wp-json\/wp\/v2\/pages\/385","targetHints":{"allow":["GET"]}}],"collection":[{"href":"https:\/\/racoesfutura.com.br\/en\/wp-json\/wp\/v2\/pages"}],"about":[{"href":"https:\/\/racoesfutura.com.br\/en\/wp-json\/wp\/v2\/types\/page"}],"author":[{"embeddable":true,"href":"https:\/\/racoesfutura.com.br\/en\/wp-json\/wp\/v2\/users\/2"}],"replies":[{"embeddable":true,"href":"https:\/\/racoesfutura.com.br\/en\/wp-json\/wp\/v2\/comments?post=385"}],"version-history":[{"count":0,"href":"https:\/\/racoesfutura.com.br\/en\/wp-json\/wp\/v2\/pages\/385\/revisions"}],"wp:attachment":[{"href":"https:\/\/racoesfutura.com.br\/en\/wp-json\/wp\/v2\/media?parent=385"}],"curies":[{"name":"wp","href":"https:\/\/api.w.org\/{rel}","templated":true}]}}